{"id":2763,"date":"2022-10-27T07:20:33","date_gmt":"2022-10-27T07:20:33","guid":{"rendered":"https:\/\/metaverse-user.com\/vr-glasses-horizon-worlds\/"},"modified":"2023-07-20T07:54:52","modified_gmt":"2023-07-20T07:54:52","slug":"vr-glasses-horizon-worlds","status":"publish","type":"page","link":"https:\/\/metaverse-user.com\/en\/metaverse-vr-glasses\/vr-glasses-horizon-worlds\/","title":{"rendered":"VR glasses Horizon Worlds"},"content":{"rendered":"<p>[et_pb_section fb_built=&#8221;1&#8243; _builder_version=&#8221;4.17.3&#8243; _module_preset=&#8221;22ca1b66-79cc-4413-a1b5-9b3d178af93e&#8221; global_colors_info=&#8221;{}&#8221;][et_pb_row column_structure=&#8221;3_5,2_5&#8243; _builder_version=&#8221;4.17.3&#8243; _module_preset=&#8221;7b2f8646-cb84-47f5-8c3e-c54215129535&#8243; global_colors_info=&#8221;{}&#8221;][et_pb_column type=&#8221;3_5&#8243; _builder_version=&#8221;4.17.3&#8243; _module_preset=&#8221;default&#8221; global_colors_info=&#8221;{}&#8221;][et_pb_text _builder_version=&#8221;4.18.1&#8243; _module_preset=&#8221;default&#8221; global_colors_info=&#8221;{}&#8221;]<\/p>\n<h1>Horizon Worlds VR Goggles<\/h1>\n<h6>Find the right VR headset<\/h6>\n<p>Horizon Worlds is a metaverse world operated by Facebook and .dem Meta Group. Using VR technology, Horizon Worlds allows you to play, hang out, and collaborate with other users.<\/p>\n<p>You can find out which VR glasses you can use for Horizon Worlds from us.<\/p>\n<p>[\/et_pb_text][\/et_pb_column][et_pb_column type=&#8221;2_5&#8243; _builder_version=&#8221;4.17.3&#8243; _module_preset=&#8221;default&#8221; global_colors_info=&#8221;{}&#8221;][dsm_icon_list _builder_version=&#8221;4.18.0&#8243; _module_preset=&#8221;9697be0b-4235-417b-9da9-28b40234e59c&#8221; global_colors_info=&#8221;{}&#8221;][dsm_icon_list_child text=&#8221;1. Why VR glasses?&#8221; font_icon=&#8221;&#x45;||divi||400&#8243; url=&#8221;#1&#8243; _builder_version=&#8221;4.18.0&#8243; _module_preset=&#8221;203fe1b7-6d3e-4d4f-8056-e286d5def9a2&#8243; global_colors_info=&#8221;{}&#8221;][\/dsm_icon_list_child][dsm_icon_list_child text=&#8221;2. VR goggles in Horizon Worlds&#8221; font_icon=&#8221;&#x45;||divi||400&#8243; url=&#8221;#2&#8243; _builder_version=&#8221;4.18.0&#8243; _module_preset=&#8221;203fe1b7-6d3e-4d4f-8056-e286d5def9a2&#8243; global_colors_info=&#8221;{}&#8221;][\/dsm_icon_list_child][dsm_icon_list_child text=&#8221;3. Information about Oculus VR glasses&#8221; font_icon=&#8221;&#x45;||divi||400&#8243; url=&#8221;#3&#8243; _builder_version=&#8221;4.18.0&#8243; _module_preset=&#8221;203fe1b7-6d3e-4d4f-8056-e286d5def9a2&#8243; global_colors_info=&#8221;{}&#8221;][\/dsm_icon_list_child][dsm_icon_list_child text=&#8221;4. More metaverse worlds&#8221; font_icon=&#8221;&#x45;||divi||400&#8243; url=&#8221;#4&#8243; _builder_version=&#8221;4.18.0&#8243; _module_preset=&#8221;203fe1b7-6d3e-4d4f-8056-e286d5def9a2&#8243; global_colors_info=&#8221;{}&#8221;][\/dsm_icon_list_child][\/dsm_icon_list][\/et_pb_column][\/et_pb_row][\/et_pb_section][et_pb_section fb_built=&#8221;1&#8243; module_id=&#8221;1&#8243; _builder_version=&#8221;4.18.0&#8243; _module_preset=&#8221;bb39e286-7b0a-44d7-ae20-39a35827829d&#8221; global_colors_info=&#8221;{}&#8221;][et_pb_row column_structure=&#8221;3_5,2_5&#8243; _builder_version=&#8221;4.18.0&#8243; _module_preset=&#8221;default&#8221; global_colors_info=&#8221;{}&#8221;][et_pb_column type=&#8221;3_5&#8243; _builder_version=&#8221;4.17.3&#8243; _module_preset=&#8221;default&#8221; global_colors_info=&#8221;{}&#8221;][et_pb_text _builder_version=&#8221;4.18.1&#8243; _module_preset=&#8221;aaafbbdc-b06c-4d2f-9bea-90819b375c73&#8243; global_colors_info=&#8221;{}&#8221;]<\/p>\n<h2>Why VR glasses in Horizon Worlds?<\/h2>\n<p>The abbreviation VR stands for virtual reality. With VR glasses, headset or helmet, you can<strong> discover <a href=\"https:\/\/metaverse-user.com\/en\/project\/horizon-worlds\/\" target=\"_blank\" rel=\"noopener\">Horizon Worlds<\/a> in a unique way<\/strong>.<\/p>\n<p>The VR glasses give you the feeling that you <strong>are really in the virtual world<\/strong>. If you turn your head, the image in the VR glasses also changes. With the help of the controllers, you can control your avatar and move around Horzion Worlds.<\/p>\n<p>Their head and hand movements are tracked and the avatar&#8217;s gestures are transmitted. This creates a real picture of your actions for other users who look at your avatar.<\/p>\n<p>[\/et_pb_text][\/et_pb_column][et_pb_column type=&#8221;2_5&#8243; _builder_version=&#8221;4.18.0&#8243; _module_preset=&#8221;fffd0884-6a5a-486c-9d4f-909f0e0bd8f5&#8243; global_colors_info=&#8221;{}&#8221;][et_pb_blurb title=&#8221;VR goggle construction&#8221; image=&#8221;https:\/\/metaverse-user.com\/wp-content\/uploads\/VR-Brille-Aufbau.jpg&#8221; alt=&#8221;VR goggle construction&#8221; _builder_version=&#8221;4.18.0&#8243; _module_preset=&#8221;6d26542f-a87c-4f9e-a397-f4db9dd6c9d5&#8243; global_module=&#8221;1843&#8243; global_colors_info=&#8221;{}&#8221;]<\/p>\n<p>In einer VR-Brille befinden sich zwei Linsen bzw. &#8220;Bildschirme&#8221; f\u00fcr die Augen. In den Linsen wird die Metaverse Welt wiedergegeben. Aus beiden Linsen formt sich f\u00fcr den VR-Brillen Tr\u00e4ger eine reale Umgebung.<\/p>\n<p>\u00dcber VR-Brillen Zubeh\u00f6r (Steuerungen, Kopfh\u00f6rer&#8230;) wird die virtuelle Realit\u00e4t noch greifbarer.<\/p>\n<p>[\/et_pb_blurb][et_pb_button button_url=&#8221;https:\/\/metaverse-user.com\/vr-brillen\/&#8221; button_text=&#8221;More information about VR glasses&#8221; _builder_version=&#8221;4.18.0&#8243; _module_preset=&#8221;default&#8221; global_colors_info=&#8221;{}&#8221;][\/et_pb_button][\/et_pb_column][\/et_pb_row][\/et_pb_section][et_pb_section fb_built=&#8221;1&#8243; module_id=&#8221;2&#8243; _builder_version=&#8221;4.18.0&#8243; _module_preset=&#8221;default&#8221; global_colors_info=&#8221;{}&#8221;][et_pb_row _builder_version=&#8221;4.17.3&#8243; _module_preset=&#8221;default&#8221; global_colors_info=&#8221;{}&#8221;][et_pb_column type=&#8221;4_4&#8243; _builder_version=&#8221;4.17.3&#8243; _module_preset=&#8221;default&#8221; global_colors_info=&#8221;{}&#8221;][et_pb_text _builder_version=&#8221;4.18.0&#8243; _module_preset=&#8221;default&#8221; global_colors_info=&#8221;{}&#8221;]<\/p>\n<h2>What VR glasses can you use for Horizon Worlds?<\/h2>\n<p>[\/et_pb_text][\/et_pb_column][\/et_pb_row][et_pb_row column_structure=&#8221;1_3,1_3,1_3&#8243; _builder_version=&#8221;4.18.0&#8243; _module_preset=&#8221;default&#8221; global_colors_info=&#8221;{}&#8221;][et_pb_column type=&#8221;1_3&#8243; _builder_version=&#8221;4.18.0&#8243; _module_preset=&#8221;default&#8221; global_colors_info=&#8221;{}&#8221;][dsm_card title=&#8221;Oculus Meta Quest 2&#8243; image=&#8221;https:\/\/metaverse-user.com\/wp-content\/uploads\/Meta-Quest-2-kaufen.jpg&#8221; badge_text=&#8221;starting from 509,99 \u20ac&#8221; badge_url_new_window=&#8221;on&#8221; alt=&#8221;Buy Meta Quest 2&#8243; button_text=&#8221;View VR glasses*&#8221; button_url_new_window=&#8221;1&#8243; _builder_version=&#8221;4.19.2&#8243; _module_preset=&#8221;default&#8221; link_option_url=&#8221;https:\/\/amzn.to\/3V0tsFr&#8221; link_option_url_new_window=&#8221;on&#8221; hover_enabled=&#8221;0&#8243; global_module=&#8221;1993&#8243; saved_tabs=&#8221;all&#8221; global_colors_info=&#8221;{}&#8221; button_url=&#8221;https:\/\/amzn.to\/3V0tsFr&#8221; sticky_enabled=&#8221;0&#8243;]<\/p>\n<p><strong>Metaverse Worlds: <\/strong>Horizon Worlds, Roblox, Somnium Space, Spatial, Voxels<\/p>\n<p><strong>Meta Quest 2 data<\/strong><\/p>\n<ul>\n<li>Storage: 128GB or 256GB<\/li>\n<li>1,832 x 1,920 pixels per eye<\/li>\n<li>Can be used both wirelessly and wired<\/li>\n<\/ul>\n<p>[\/dsm_card][\/et_pb_column][et_pb_column type=&#8221;1_3&#8243; _builder_version=&#8221;4.18.0&#8243; _module_preset=&#8221;default&#8221; global_colors_info=&#8221;{}&#8221;][dsm_card title=&#8221;Meta Quest Pro&#8221; image=&#8221;https:\/\/metaverse-user.com\/wp-content\/uploads\/Oculus-Meta-Quest-Pro.jpg&#8221; image_background_size=&#8221;contain&#8221; badge_text=&#8221;starting from 1.799 \u20ac&#8221; badge_url_new_window=&#8221;on&#8221; alt=&#8221;Oculus Meta Quest Pro&#8221; button_text=&#8221;View VR glasses*&#8221; button_url_new_window=&#8221;1&#8243; _builder_version=&#8221;4.19.2&#8243; _module_preset=&#8221;default&#8221; link_option_url=&#8221;https:\/\/www.meta.com\/de\/quest\/?gclid=Cj0KCQiA4uCcBhDdARIsAH5jyUkiGOkGXfmCDWDwts-c-LRuj7GWzEflRpFaLAjAGX1KnAgx333yY-UaAmxlEALw_wcB&#8221; link_option_url_new_window=&#8221;on&#8221; hover_enabled=&#8221;0&#8243; global_module=&#8221;2000&#8243; saved_tabs=&#8221;all&#8221; global_colors_info=&#8221;{}&#8221; button_url=&#8221;https:\/\/www.meta.com\/de\/quest\/?gclid=Cj0KCQiA4uCcBhDdARIsAH5jyUkiGOkGXfmCDWDwts-c-LRuj7GWzEflRpFaLAjAGX1KnAgx333yY-UaAmxlEALw_wcB&#8221; sticky_enabled=&#8221;0&#8243;]<\/p>\n<p><strong>Metaverse Worlds: <\/strong>Horizon Worlds, Roblox, Somnium Space, Spatial, Voxels<\/p>\n<p><strong>Meta Quest Pro data<\/strong><\/p>\n<ul>\n<li><span style=\"font-size: 20px;\">Storage: 356 GB<\/span><\/li>\n<li><span style=\"font-size: 20px;\">1,800 x 1,920 pixels per eye<\/span><\/li>\n<li>Battery life: 1-2 hours (can be charged during use)<\/li>\n<\/ul>\n<p>[\/dsm_card][\/et_pb_column][et_pb_column type=&#8221;1_3&#8243; _builder_version=&#8221;4.18.0&#8243; _module_preset=&#8221;default&#8221; global_colors_info=&#8221;{}&#8221;][\/et_pb_column][\/et_pb_row][\/et_pb_section][et_pb_section fb_built=&#8221;1&#8243; module_id=&#8221;3&#8243; _builder_version=&#8221;4.18.0&#8243; _module_preset=&#8221;bb39e286-7b0a-44d7-ae20-39a35827829d&#8221; global_colors_info=&#8221;{}&#8221;][et_pb_row column_structure=&#8221;1_3,1_3,1_3&#8243; _builder_version=&#8221;4.18.0&#8243; _module_preset=&#8221;default&#8221; global_colors_info=&#8221;{}&#8221;][et_pb_column type=&#8221;1_3&#8243; _builder_version=&#8221;4.18.0&#8243; _module_preset=&#8221;default&#8221; global_colors_info=&#8221;{}&#8221;][et_pb_text _builder_version=&#8221;4.18.0&#8243; _module_preset=&#8221;aaafbbdc-b06c-4d2f-9bea-90819b375c73&#8243; global_colors_info=&#8221;{}&#8221;]<\/p>\n<h4>Introduction: Oculus Meta Quest 2<\/h4>\n<p>[\/et_pb_text][et_pb_video src=&#8221;https:\/\/www.youtube.com\/watch?v=ATVGl9wOJsM&#8221; _builder_version=&#8221;4.18.0&#8243; _module_preset=&#8221;default&#8221; global_colors_info=&#8221;{}&#8221;][\/et_pb_video][\/et_pb_column][et_pb_column type=&#8221;1_3&#8243; _builder_version=&#8221;4.18.0&#8243; _module_preset=&#8221;default&#8221; global_colors_info=&#8221;{}&#8221;][et_pb_text _builder_version=&#8221;4.18.0&#8243; _module_preset=&#8221;aaafbbdc-b06c-4d2f-9bea-90819b375c73&#8243; global_colors_info=&#8221;{}&#8221;]<\/p>\n<h4>Introducing: Oculus Meta Quest Pro<\/h4>\n<p>[\/et_pb_text][et_pb_video src=&#8221;https:\/\/www.youtube.com\/watch?v=7UvfmvMU3Vc&#8221; _builder_version=&#8221;4.18.0&#8243; _module_preset=&#8221;default&#8221; global_colors_info=&#8221;{}&#8221;][\/et_pb_video][\/et_pb_column][et_pb_column type=&#8221;1_3&#8243; _builder_version=&#8221;4.18.0&#8243; _module_preset=&#8221;default&#8221; global_colors_info=&#8221;{}&#8221;][et_pb_text _builder_version=&#8221;4.18.0&#8243; _module_preset=&#8221;aaafbbdc-b06c-4d2f-9bea-90819b375c73&#8243; global_colors_info=&#8221;{}&#8221;]<\/p>\n<h4>Introducing: Oculus Meta Rift S<\/h4>\n<p>[\/et_pb_text][et_pb_video src=&#8221;https:\/\/www.youtube.com\/watch?v=3vPz9KFXWTk&#8221; _builder_version=&#8221;4.18.0&#8243; _module_preset=&#8221;default&#8221; global_colors_info=&#8221;{}&#8221;][\/et_pb_video][\/et_pb_column][\/et_pb_row][\/et_pb_section][et_pb_section fb_built=&#8221;1&#8243; module_id=&#8221;3&#8243; _builder_version=&#8221;4.18.0&#8243; _module_preset=&#8221;default&#8221; global_module=&#8221;1974&#8243; global_colors_info=&#8221;{}&#8221;][et_pb_row _builder_version=&#8221;4.17.3&#8243; _module_preset=&#8221;default&#8221; global_colors_info=&#8221;{}&#8221;][et_pb_column type=&#8221;4_4&#8243; _builder_version=&#8221;4.17.3&#8243; _module_preset=&#8221;default&#8221; global_colors_info=&#8221;{}&#8221;][et_pb_text ul_type=&#8221;none&#8221; _builder_version=&#8221;4.19.2&#8243; _module_preset=&#8221;default&#8221; hover_enabled=&#8221;0&#8243; global_colors_info=&#8221;{}&#8221; sticky_enabled=&#8221;0&#8243;]<\/p>\n<h2>Which worlds are VR glasses compatible?<\/h2>\n<p>Please also check for yourself whether the glasses displayed are compatible with the metaverse world of your choice.<\/p>\n<p>[\/et_pb_text][et_pb_portfolio include_categories=&#8221;93&#8243; _builder_version=&#8221;4.18.0&#8243; _module_preset=&#8221;default&#8221; global_colors_info=&#8221;{}&#8221;][\/et_pb_portfolio][\/et_pb_column][\/et_pb_row][\/et_pb_section]<\/p>\n","protected":false},"excerpt":{"rendered":"<p>Horizon Worlds VR Goggles Find the right VR headset Horizon Worlds is a metaverse world operated by Facebook and .dem Meta Group. Using VR technology, Horizon Worlds allows you to play, hang out, and collaborate with other users. You can find out which VR glasses you can use for Horizon Worlds from us.<div class=\"et_pb_with_border et_pb_module dsm_icon_list dsm_icon_list_0\">\n\t\t\t\t\n\t\t\t\t\n\t\t\t\t\n\t\t\t\t\n\t\t\t\t\n\t\t\t\t\n\t\t\t\t<div class=\"et_pb_module_inner\">\n\t\t\t\t\t<ul class=\"dsm_icon_list_items dsm_icon_list_ltr_direction dsm_icon_list_layout_vertical\"><\/ul>\n\t\t\t\t<\/div>\n\t\t\t<\/div><\/p>\n","protected":false},"author":1,"featured_media":2606,"parent":2775,"menu_order":0,"comment_status":"closed","ping_status":"closed","template":"","meta":{"_et_pb_use_builder":"on","_et_pb_old_content":"","_et_gb_content_width":"","footnotes":""},"class_list":["post-2763","page","type-page","status-publish","has-post-thumbnail","hentry"],"yoast_head":"<!-- This site is optimized with the Yoast SEO plugin v27.1.1 - https:\/\/yoast.com\/product\/yoast-seo-wordpress\/ -->\n<title>Which VR glasses are suitable for Horizon Worlds?<\/title>\n<meta name=\"description\" content=\"Which VR glasses are compatible with the metaverse world Horizon Worlds? Find out from us which VR glasses you can use.\" \/>\n<meta name=\"robots\" content=\"index, follow, max-snippet:-1, max-image-preview:large, max-video-preview:-1\" \/>\n<link rel=\"canonical\" href=\"https:\/\/metaverse-user.com\/en\/metaverse-vr-glasses\/vr-glasses-horizon-worlds\/\" \/>\n<meta property=\"og:locale\" content=\"en_US\" \/>\n<meta property=\"og:type\" content=\"article\" \/>\n<meta property=\"og:title\" content=\"Which VR glasses are suitable for Horizon Worlds?\" \/>\n<meta property=\"og:description\" content=\"Which VR glasses are compatible with the metaverse world Horizon Worlds? Find out from us which VR glasses you can use.\" \/>\n<meta property=\"og:url\" content=\"https:\/\/metaverse-user.com\/en\/metaverse-vr-glasses\/vr-glasses-horizon-worlds\/\" \/>\n<meta property=\"og:site_name\" content=\"Metaverse User\" \/>\n<meta property=\"article:modified_time\" content=\"2023-07-20T07:54:52+00:00\" \/>\n<meta property=\"og:image\" content=\"https:\/\/metaverse-user.com\/wp-content\/uploads\/Horizon-Worlds-VR-Brille.jpg\" \/>\n\t<meta property=\"og:image:width\" content=\"1200\" \/>\n\t<meta property=\"og:image:height\" content=\"675\" \/>\n\t<meta property=\"og:image:type\" content=\"image\/jpeg\" \/>\n<meta name=\"twitter:card\" content=\"summary_large_image\" \/>\n<meta name=\"twitter:label1\" content=\"Est. reading time\" \/>\n\t<meta name=\"twitter:data1\" content=\"7 minutes\" \/>\n<script type=\"application\/ld+json\" class=\"yoast-schema-graph\">{\"@context\":\"https:\/\/schema.org\",\"@graph\":[{\"@type\":\"WebPage\",\"@id\":\"https:\/\/metaverse-user.com\/en\/metaverse-vr-glasses\/vr-glasses-horizon-worlds\/\",\"url\":\"https:\/\/metaverse-user.com\/en\/metaverse-vr-glasses\/vr-glasses-horizon-worlds\/\",\"name\":\"Which VR glasses are suitable for Horizon Worlds?\",\"isPartOf\":{\"@id\":\"https:\/\/metaverse-user.com\/en\/#website\"},\"primaryImageOfPage\":{\"@id\":\"https:\/\/metaverse-user.com\/en\/metaverse-vr-glasses\/vr-glasses-horizon-worlds\/#primaryimage\"},\"image\":{\"@id\":\"https:\/\/metaverse-user.com\/en\/metaverse-vr-glasses\/vr-glasses-horizon-worlds\/#primaryimage\"},\"thumbnailUrl\":\"https:\/\/metaverse-user.com\/wp-content\/uploads\/Horizon-Worlds-VR-Brille.jpg\",\"datePublished\":\"2022-10-27T07:20:33+00:00\",\"dateModified\":\"2023-07-20T07:54:52+00:00\",\"description\":\"Which VR glasses are compatible with the metaverse world Horizon Worlds? Find out from us which VR glasses you can use.\",\"breadcrumb\":{\"@id\":\"https:\/\/metaverse-user.com\/en\/metaverse-vr-glasses\/vr-glasses-horizon-worlds\/#breadcrumb\"},\"inLanguage\":\"en-US\",\"potentialAction\":[{\"@type\":\"ReadAction\",\"target\":[\"https:\/\/metaverse-user.com\/en\/metaverse-vr-glasses\/vr-glasses-horizon-worlds\/\"]}]},{\"@type\":\"ImageObject\",\"inLanguage\":\"en-US\",\"@id\":\"https:\/\/metaverse-user.com\/en\/metaverse-vr-glasses\/vr-glasses-horizon-worlds\/#primaryimage\",\"url\":\"https:\/\/metaverse-user.com\/wp-content\/uploads\/Horizon-Worlds-VR-Brille.jpg\",\"contentUrl\":\"https:\/\/metaverse-user.com\/wp-content\/uploads\/Horizon-Worlds-VR-Brille.jpg\",\"width\":1200,\"height\":675},{\"@type\":\"BreadcrumbList\",\"@id\":\"https:\/\/metaverse-user.com\/en\/metaverse-vr-glasses\/vr-glasses-horizon-worlds\/#breadcrumb\",\"itemListElement\":[{\"@type\":\"ListItem\",\"position\":1,\"name\":\"Startseite\",\"item\":\"https:\/\/metaverse-user.com\/en\/home\/\"},{\"@type\":\"ListItem\",\"position\":2,\"name\":\"VR glasses Horizon Worlds\"}]},{\"@type\":\"WebSite\",\"@id\":\"https:\/\/metaverse-user.com\/en\/#website\",\"url\":\"https:\/\/metaverse-user.com\/en\/\",\"name\":\"Metaverse-user.com\",\"description\":\"Alle Infos f\u00fcr User des Metaverse\",\"publisher\":{\"@id\":\"https:\/\/metaverse-user.com\/en\/#organization\"},\"alternateName\":\"Wie Sie in die Metaverse Welten eintauchen\",\"potentialAction\":[{\"@type\":\"SearchAction\",\"target\":{\"@type\":\"EntryPoint\",\"urlTemplate\":\"https:\/\/metaverse-user.com\/en\/?s={search_term_string}\"},\"query-input\":{\"@type\":\"PropertyValueSpecification\",\"valueRequired\":true,\"valueName\":\"search_term_string\"}}],\"inLanguage\":\"en-US\"},{\"@type\":\"Organization\",\"@id\":\"https:\/\/metaverse-user.com\/en\/#organization\",\"name\":\"Metaverse-user.com\",\"alternateName\":\"Wie Sie in die Metaverse Welten eintauchen\",\"url\":\"https:\/\/metaverse-user.com\/en\/\",\"logo\":{\"@type\":\"ImageObject\",\"inLanguage\":\"en-US\",\"@id\":\"https:\/\/metaverse-user.com\/en\/#\/schema\/logo\/image\/\",\"url\":\"https:\/\/metaverse-user.com\/wp-content\/uploads\/Metaverse-Accounts.png\",\"contentUrl\":\"https:\/\/metaverse-user.com\/wp-content\/uploads\/Metaverse-Accounts.png\",\"width\":2000,\"height\":560,\"caption\":\"Metaverse-user.com\"},\"image\":{\"@id\":\"https:\/\/metaverse-user.com\/en\/#\/schema\/logo\/image\/\"}}]}<\/script>\n<!-- \/ Yoast SEO plugin. -->","yoast_head_json":{"title":"Which VR glasses are suitable for Horizon Worlds?","description":"Which VR glasses are compatible with the metaverse world Horizon Worlds? Find out from us which VR glasses you can use.","robots":{"index":"index","follow":"follow","max-snippet":"max-snippet:-1","max-image-preview":"max-image-preview:large","max-video-preview":"max-video-preview:-1"},"canonical":"https:\/\/metaverse-user.com\/en\/metaverse-vr-glasses\/vr-glasses-horizon-worlds\/","og_locale":"en_US","og_type":"article","og_title":"Which VR glasses are suitable for Horizon Worlds?","og_description":"Which VR glasses are compatible with the metaverse world Horizon Worlds? Find out from us which VR glasses you can use.","og_url":"https:\/\/metaverse-user.com\/en\/metaverse-vr-glasses\/vr-glasses-horizon-worlds\/","og_site_name":"Metaverse User","article_modified_time":"2023-07-20T07:54:52+00:00","og_image":[{"width":1200,"height":675,"url":"https:\/\/metaverse-user.com\/wp-content\/uploads\/Horizon-Worlds-VR-Brille.jpg","type":"image\/jpeg"}],"twitter_card":"summary_large_image","twitter_misc":{"Est. reading time":"7 minutes"},"schema":{"@context":"https:\/\/schema.org","@graph":[{"@type":"WebPage","@id":"https:\/\/metaverse-user.com\/en\/metaverse-vr-glasses\/vr-glasses-horizon-worlds\/","url":"https:\/\/metaverse-user.com\/en\/metaverse-vr-glasses\/vr-glasses-horizon-worlds\/","name":"Which VR glasses are suitable for Horizon Worlds?","isPartOf":{"@id":"https:\/\/metaverse-user.com\/en\/#website"},"primaryImageOfPage":{"@id":"https:\/\/metaverse-user.com\/en\/metaverse-vr-glasses\/vr-glasses-horizon-worlds\/#primaryimage"},"image":{"@id":"https:\/\/metaverse-user.com\/en\/metaverse-vr-glasses\/vr-glasses-horizon-worlds\/#primaryimage"},"thumbnailUrl":"https:\/\/metaverse-user.com\/wp-content\/uploads\/Horizon-Worlds-VR-Brille.jpg","datePublished":"2022-10-27T07:20:33+00:00","dateModified":"2023-07-20T07:54:52+00:00","description":"Which VR glasses are compatible with the metaverse world Horizon Worlds? Find out from us which VR glasses you can use.","breadcrumb":{"@id":"https:\/\/metaverse-user.com\/en\/metaverse-vr-glasses\/vr-glasses-horizon-worlds\/#breadcrumb"},"inLanguage":"en-US","potentialAction":[{"@type":"ReadAction","target":["https:\/\/metaverse-user.com\/en\/metaverse-vr-glasses\/vr-glasses-horizon-worlds\/"]}]},{"@type":"ImageObject","inLanguage":"en-US","@id":"https:\/\/metaverse-user.com\/en\/metaverse-vr-glasses\/vr-glasses-horizon-worlds\/#primaryimage","url":"https:\/\/metaverse-user.com\/wp-content\/uploads\/Horizon-Worlds-VR-Brille.jpg","contentUrl":"https:\/\/metaverse-user.com\/wp-content\/uploads\/Horizon-Worlds-VR-Brille.jpg","width":1200,"height":675},{"@type":"BreadcrumbList","@id":"https:\/\/metaverse-user.com\/en\/metaverse-vr-glasses\/vr-glasses-horizon-worlds\/#breadcrumb","itemListElement":[{"@type":"ListItem","position":1,"name":"Startseite","item":"https:\/\/metaverse-user.com\/en\/home\/"},{"@type":"ListItem","position":2,"name":"VR glasses Horizon Worlds"}]},{"@type":"WebSite","@id":"https:\/\/metaverse-user.com\/en\/#website","url":"https:\/\/metaverse-user.com\/en\/","name":"Metaverse-user.com","description":"Alle Infos f\u00fcr User des Metaverse","publisher":{"@id":"https:\/\/metaverse-user.com\/en\/#organization"},"alternateName":"Wie Sie in die Metaverse Welten eintauchen","potentialAction":[{"@type":"SearchAction","target":{"@type":"EntryPoint","urlTemplate":"https:\/\/metaverse-user.com\/en\/?s={search_term_string}"},"query-input":{"@type":"PropertyValueSpecification","valueRequired":true,"valueName":"search_term_string"}}],"inLanguage":"en-US"},{"@type":"Organization","@id":"https:\/\/metaverse-user.com\/en\/#organization","name":"Metaverse-user.com","alternateName":"Wie Sie in die Metaverse Welten eintauchen","url":"https:\/\/metaverse-user.com\/en\/","logo":{"@type":"ImageObject","inLanguage":"en-US","@id":"https:\/\/metaverse-user.com\/en\/#\/schema\/logo\/image\/","url":"https:\/\/metaverse-user.com\/wp-content\/uploads\/Metaverse-Accounts.png","contentUrl":"https:\/\/metaverse-user.com\/wp-content\/uploads\/Metaverse-Accounts.png","width":2000,"height":560,"caption":"Metaverse-user.com"},"image":{"@id":"https:\/\/metaverse-user.com\/en\/#\/schema\/logo\/image\/"}}]}},"_links":{"self":[{"href":"https:\/\/metaverse-user.com\/en\/wp-json\/wp\/v2\/pages\/2763","targetHints":{"allow":["GET"]}}],"collection":[{"href":"https:\/\/metaverse-user.com\/en\/wp-json\/wp\/v2\/pages"}],"about":[{"href":"https:\/\/metaverse-user.com\/en\/wp-json\/wp\/v2\/types\/page"}],"author":[{"embeddable":true,"href":"https:\/\/metaverse-user.com\/en\/wp-json\/wp\/v2\/users\/1"}],"replies":[{"embeddable":true,"href":"https:\/\/metaverse-user.com\/en\/wp-json\/wp\/v2\/comments?post=2763"}],"version-history":[{"count":0,"href":"https:\/\/metaverse-user.com\/en\/wp-json\/wp\/v2\/pages\/2763\/revisions"}],"up":[{"embeddable":true,"href":"https:\/\/metaverse-user.com\/en\/wp-json\/wp\/v2\/pages\/2775"}],"wp:featuredmedia":[{"embeddable":true,"href":"https:\/\/metaverse-user.com\/en\/wp-json\/wp\/v2\/media\/2606"}],"wp:attachment":[{"href":"https:\/\/metaverse-user.com\/en\/wp-json\/wp\/v2\/media?parent=2763"}],"curies":[{"name":"wp","href":"https:\/\/api.w.org\/{rel}","templated":true}]}}