{"id":2743,"date":"2022-10-28T07:02:39","date_gmt":"2022-10-28T07:02:39","guid":{"rendered":"https:\/\/metaverse-user.com\/vr-glasses-somnium-space\/"},"modified":"2023-07-20T07:52:23","modified_gmt":"2023-07-20T07:52:23","slug":"vr-glasses-somnium-space","status":"publish","type":"page","link":"https:\/\/metaverse-user.com\/en\/metaverse-vr-glasses\/vr-glasses-somnium-space\/","title":{"rendered":"VR glasses Somnium Space"},"content":{"rendered":"<p>[et_pb_section fb_built=&#8221;1&#8243; _builder_version=&#8221;4.17.3&#8243; _module_preset=&#8221;22ca1b66-79cc-4413-a1b5-9b3d178af93e&#8221; global_colors_info=&#8221;{}&#8221;][et_pb_row column_structure=&#8221;3_5,2_5&#8243; _builder_version=&#8221;4.17.3&#8243; _module_preset=&#8221;7b2f8646-cb84-47f5-8c3e-c54215129535&#8243; global_colors_info=&#8221;{}&#8221;][et_pb_column type=&#8221;3_5&#8243; _builder_version=&#8221;4.17.3&#8243; _module_preset=&#8221;default&#8221; global_colors_info=&#8221;{}&#8221;][et_pb_text _builder_version=&#8221;4.18.1&#8243; _module_preset=&#8221;default&#8221; global_colors_info=&#8221;{}&#8221;]<\/p>\n<h1>Somnium Space VR goggles<\/h1>\n<h6>Find the right VR headset<\/h6>\n<p>Using VR technology, you can explore the 3D environment of <a href=\"https:\/\/metaverse-user.com\/en\/project\/somnium-space\/\" target=\"_blank\" rel=\"noopener\">Somnium Space<\/a> in a unique way.<\/p>\n<p>You can find out which VR glasses you need for Somnium Space from us.<\/p>\n<p>[\/et_pb_text][\/et_pb_column][et_pb_column type=&#8221;2_5&#8243; _builder_version=&#8221;4.17.3&#8243; _module_preset=&#8221;default&#8221; global_colors_info=&#8221;{}&#8221;][dsm_icon_list _builder_version=&#8221;4.18.0&#8243; _module_preset=&#8221;9697be0b-4235-417b-9da9-28b40234e59c&#8221; global_colors_info=&#8221;{}&#8221;][dsm_icon_list_child text=&#8221;1. Why VR glasses?&#8221; font_icon=&#8221;&#x45;||divi||400&#8243; url=&#8221;#1&#8243; _builder_version=&#8221;4.18.0&#8243; _module_preset=&#8221;203fe1b7-6d3e-4d4f-8056-e286d5def9a2&#8243; global_colors_info=&#8221;{}&#8221;][\/dsm_icon_list_child][dsm_icon_list_child text=&#8221;2. VR goggles in Somnium Space&#8221; font_icon=&#8221;&#x45;||divi||400&#8243; url=&#8221;#2&#8243; _builder_version=&#8221;4.18.0&#8243; _module_preset=&#8221;203fe1b7-6d3e-4d4f-8056-e286d5def9a2&#8243; global_colors_info=&#8221;{}&#8221;][\/dsm_icon_list_child][dsm_icon_list_child text=&#8221;3. Somnium Space&#039;s own VR goggles&#8221; font_icon=&#8221;&#x45;||divi||400&#8243; url=&#8221;#3&#8243; _builder_version=&#8221;4.18.0&#8243; _module_preset=&#8221;203fe1b7-6d3e-4d4f-8056-e286d5def9a2&#8243; global_colors_info=&#8221;{}&#8221;][\/dsm_icon_list_child][dsm_icon_list_child text=&#8221;4. More metaverse worlds&#8221; font_icon=&#8221;&#x45;||divi||400&#8243; url=&#8221;#4&#8243; _builder_version=&#8221;4.18.0&#8243; _module_preset=&#8221;203fe1b7-6d3e-4d4f-8056-e286d5def9a2&#8243; global_colors_info=&#8221;{}&#8221;][\/dsm_icon_list_child][\/dsm_icon_list][\/et_pb_column][\/et_pb_row][\/et_pb_section][et_pb_section fb_built=&#8221;1&#8243; module_id=&#8221;1&#8243; _builder_version=&#8221;4.18.0&#8243; _module_preset=&#8221;bb39e286-7b0a-44d7-ae20-39a35827829d&#8221; global_colors_info=&#8221;{}&#8221;][et_pb_row column_structure=&#8221;3_5,2_5&#8243; _builder_version=&#8221;4.18.0&#8243; _module_preset=&#8221;default&#8221; global_colors_info=&#8221;{}&#8221;][et_pb_column type=&#8221;3_5&#8243; _builder_version=&#8221;4.17.3&#8243; _module_preset=&#8221;default&#8221; global_colors_info=&#8221;{}&#8221;][et_pb_text _builder_version=&#8221;4.18.1&#8243; _module_preset=&#8221;aaafbbdc-b06c-4d2f-9bea-90819b375c73&#8243; global_colors_info=&#8221;{}&#8221;]<\/p>\n<h2>Why VR glasses in Somnium Space?<\/h2>\n<p><a href=\"https:\/\/metaverse-user.com\/en\/metaverse-encyclopedia\/#vr\" target=\"_blank\" rel=\"noopener\">VR technology<\/a> is often found in the context of the metaverse. Because both VR (=virtual reality) and the metaverse want to create digital realities.<\/p>\n<p>By using VR glasses, headsets or even helmets in Somnium Space, you can experience this digital world in a new way in a 3D environment.<\/p>\n<p>VR technology makes you feel like you&#8217;re really in Somnium Space. If you put on the VR glasses and turn your head, the angle of view changes just like in the real world. The controllers allow you to move and control your avatar.  <\/p>\n<p>[\/et_pb_text][\/et_pb_column][et_pb_column type=&#8221;2_5&#8243; _builder_version=&#8221;4.18.0&#8243; _module_preset=&#8221;fffd0884-6a5a-486c-9d4f-909f0e0bd8f5&#8243; global_colors_info=&#8221;{}&#8221;][et_pb_blurb title=&#8221;VR goggle construction&#8221; image=&#8221;https:\/\/metaverse-user.com\/wp-content\/uploads\/VR-Brille-Aufbau.jpg&#8221; alt=&#8221;VR goggle construction&#8221; _builder_version=&#8221;4.18.0&#8243; _module_preset=&#8221;6d26542f-a87c-4f9e-a397-f4db9dd6c9d5&#8243; global_module=&#8221;1843&#8243; global_colors_info=&#8221;{}&#8221;]<\/p>\n<p>In einer VR-Brille befinden sich zwei Linsen bzw. &#8220;Bildschirme&#8221; f\u00fcr die Augen. In den Linsen wird die Metaverse Welt wiedergegeben. Aus beiden Linsen formt sich f\u00fcr den VR-Brillen Tr\u00e4ger eine reale Umgebung.<\/p>\n<p>\u00dcber VR-Brillen Zubeh\u00f6r (Steuerungen, Kopfh\u00f6rer&#8230;) wird die virtuelle Realit\u00e4t noch greifbarer.<\/p>\n<p>[\/et_pb_blurb][et_pb_button button_url=&#8221;https:\/\/metaverse-user.com\/vr-brillen\/&#8221; button_text=&#8221;More information about VR glasses&#8221; _builder_version=&#8221;4.18.0&#8243; _module_preset=&#8221;default&#8221; global_colors_info=&#8221;{}&#8221;][\/et_pb_button][\/et_pb_column][\/et_pb_row][\/et_pb_section][et_pb_section fb_built=&#8221;1&#8243; module_id=&#8221;2&#8243; _builder_version=&#8221;4.18.0&#8243; _module_preset=&#8221;09ef3524-2db2-41b5-860b-bffc060d9062&#8243; global_colors_info=&#8221;{}&#8221;][et_pb_row _builder_version=&#8221;4.17.3&#8243; _module_preset=&#8221;default&#8221; global_colors_info=&#8221;{}&#8221;][et_pb_column type=&#8221;4_4&#8243; _builder_version=&#8221;4.17.3&#8243; _module_preset=&#8221;default&#8221; global_colors_info=&#8221;{}&#8221;][et_pb_text _builder_version=&#8221;4.18.0&#8243; _module_preset=&#8221;default&#8221; global_colors_info=&#8221;{}&#8221;]<\/p>\n<h2>What VR glasses can you use for Somnium Space?<\/h2>\n<p>[\/et_pb_text][\/et_pb_column][\/et_pb_row][et_pb_row column_structure=&#8221;1_3,1_3,1_3&#8243; _builder_version=&#8221;4.18.0&#8243; _module_preset=&#8221;default&#8221; global_colors_info=&#8221;{}&#8221;][et_pb_column type=&#8221;1_3&#8243; _builder_version=&#8221;4.18.0&#8243; _module_preset=&#8221;default&#8221; global_colors_info=&#8221;{}&#8221;][dsm_card title=&#8221;Oculus Meta Quest 2&#8243; image=&#8221;https:\/\/metaverse-user.com\/wp-content\/uploads\/Meta-Quest-2-kaufen.jpg&#8221; badge_text=&#8221;starting from 509,99 \u20ac&#8221; badge_url=&#8221;https:\/\/www.amazon.de\/Meta-Quest-Virtual-Reality-Generation-weiss\/dp\/B0B527M88H\/ref=sr_1_3?__mk_de_DE=%25C3%2585M%25C3%2585%25C5%25BD%25C3%2595%25C3%2591&amp;crid=14N9U7A1HUJ1D&amp;keywords=Meta%252BQuest%252B2&amp;qid=1667218299&amp;qu=eyJxc2MiOiIzLjM4IiwicXNhIjoiNC4wNiIsInFzcCI6IjMuOTIifQ%253D%253D&amp;sprefix=meta%252Bquest%252B2%252Caps%252C104&amp;sr=8-3&amp;th=1&amp;_encoding=UTF8&amp;tag=sonder11angeb-21&amp;linkCode=ur2&amp;linkId=d3350bb83b166b2f1ae19cc1b0ea4680&amp;camp=1638&amp;creative=6742&#8243; badge_url_new_window=&#8221;on&#8221; alt=&#8221;Buy Meta Quest 2&#8243; button_text=&#8221;View VR goggles&#8221; button_url_new_window=&#8221;1&#8243; _builder_version=&#8221;4.18.1&#8243; _module_preset=&#8221;default&#8221; link_option_url=&#8221;https:\/\/amzn.to\/4jTZDTw&#8221; link_option_url_new_window=&#8221;on&#8221; saved_tabs=&#8221;all&#8221; global_colors_info=&#8221;{}&#8221; global_module=&#8221;1993&#8243; theme_builder_area=&#8221;post_content&#8221;]<\/p>\n<p><strong>Metaverse Worlds: <\/strong>Horizon Worlds, Roblox, Somnium Space, Spatial, Voxels<\/p>\n<p><strong>Meta Quest 2 data<\/strong><\/p>\n<ul>\n<li>Storage: 128GB or 256GB<\/li>\n<li>1,832 x 1,920 pixels per eye<\/li>\n<li>Can be used both wirelessly and wired<\/li>\n<\/ul>\n<p>[\/dsm_card][\/et_pb_column][et_pb_column type=&#8221;1_3&#8243; _builder_version=&#8221;4.18.0&#8243; _module_preset=&#8221;default&#8221; global_colors_info=&#8221;{}&#8221;][dsm_card title=&#8221;Meta Quest Pro&#8221; image=&#8221;https:\/\/metaverse-user.com\/wp-content\/uploads\/Oculus-Meta-Quest-Pro.jpg&#8221; image_background_size=&#8221;contain&#8221; badge_text=&#8221;starting from 1.799 \u20ac&#8221; badge_url=&#8221;https:\/\/www.amazon.de\/Meta-Quest-Virtual-Reality-Generation-weiss\/dp\/B0B527M88H\/ref=sr_1_3?__mk_de_DE=%25C3%2585M%25C3%2585%25C5%25BD%25C3%2595%25C3%2591&amp;crid=14N9U7A1HUJ1D&amp;keywords=Meta%252BQuest%252B2&amp;qid=1667218299&amp;qu=eyJxc2MiOiIzLjM4IiwicXNhIjoiNC4wNiIsInFzcCI6IjMuOTIifQ%253D%253D&amp;sprefix=meta%252Bquest%252B2%252Caps%252C104&amp;sr=8-3&amp;th=1&amp;_encoding=UTF8&amp;tag=sonder11angeb-21&amp;linkCode=ur2&amp;linkId=d3350bb83b166b2f1ae19cc1b0ea4680&amp;camp=1638&amp;creative=6742&#8243; badge_url_new_window=&#8221;on&#8221; alt=&#8221;Oculus Meta Quest Pro&#8221; button_text=&#8221;View VR goggles&#8221; button_url_new_window=&#8221;1&#8243; _builder_version=&#8221;4.18.1&#8243; _module_preset=&#8221;default&#8221; link_option_url=&#8221;https:\/\/amzn.to\/4jTZDTw&#8221; link_option_url_new_window=&#8221;on&#8221; saved_tabs=&#8221;all&#8221; global_colors_info=&#8221;{}&#8221; global_module=&#8221;2000&#8243; theme_builder_area=&#8221;post_content&#8221;]<\/p>\n<p><strong>Metaverse Worlds: <\/strong>Horizon Worlds, Roblox, Somnium Space, Spatial, Voxels<\/p>\n<p><strong>Meta Quest Pro data<\/strong><\/p>\n<ul>\n<li><span style=\"font-size: 20px;\">Storage: 356 GB<\/span><\/li>\n<li><span style=\"font-size: 20px;\">1,800 x 1,920 pixels per eye<\/span><\/li>\n<li>Battery life: 1-2 hours (can be charged during use)<\/li>\n<\/ul>\n<p>[\/dsm_card][\/et_pb_column][et_pb_column type=&#8221;1_3&#8243; _builder_version=&#8221;4.18.0&#8243; _module_preset=&#8221;default&#8221; global_colors_info=&#8221;{}&#8221;][dsm_card title=&#8221;Valve Index&#8221; image=&#8221;https:\/\/metaverse-user.com\/wp-content\/uploads\/Valve-Index-Headset.jpg&#8221; badge_text=&#8221;starting from 1.599 \u20ac&#8221; badge_url=&#8221;https:\/\/www.valvesoftware.com\/de\/index\/headset&#8221; badge_url_new_window=&#8221;on&#8221; alt=&#8221;Valve Index Headset&#8221; button_text=&#8221;View VR goggles&#8221; button_url_new_window=&#8221;1&#8243; _builder_version=&#8221;4.18.1&#8243; _module_preset=&#8221;default&#8221; link_option_url=&#8221;https:\/\/www.valvesoftware.com\/de\/index\/headset&#8221; link_option_url_new_window=&#8221;on&#8221; global_colors_info=&#8221;{}&#8221; global_module=&#8221;2004&#8243; theme_builder_area=&#8221;post_content&#8221;]<\/p>\n<p>Metaverse Worlds: Somnium Space<\/p>\n<p><strong>Valve Index Data<\/strong><\/p>\n<ul>\n<li>1,440 x 1,600 pixels per eye<\/li>\n<li>Off-ear immersion: The headphones do not rest directly on the ears<\/li>\n<\/ul>\n<p>[\/dsm_card][\/et_pb_column][\/et_pb_row][et_pb_row _builder_version=&#8221;4.18.1&#8243; _module_preset=&#8221;default&#8221; column_structure=&#8221;1_3,1_3,1_3&#8243;][et_pb_column _builder_version=&#8221;4.18.1&#8243; _module_preset=&#8221;default&#8221; type=&#8221;1_3&#8243;][dsm_card title=&#8221;HP Reverb G2&#8243; image=&#8221;https:\/\/metaverse-user.com\/wp-content\/uploads\/HP-Reverb-G2-HEadset.jpg&#8221; badge_text=&#8221;starting from 968 \u20ac&#8221; badge_url=&#8221;https:\/\/www.amazon.de\/HP-Virtual-Reality-Brille-Aufl%25C3%25B6sung-Blickwinkel-Treiber\/dp\/B08BFKQGN3\/ref=sr_1_3?__mk_de_DE=%25C3%2585M%25C3%2585%25C5%25BD%25C3%2595%25C3%2591&amp;crid=P6ON93Y9GML8&amp;keywords=HP+Reverb+G2&amp;qid=1667222329&amp;qu=eyJxc2MiOiIyLjMxIiwicXNhIjoiMi4zNyIsInFzcCI6IjIuMTgifQ%253D%253D&amp;s=videogames&amp;sprefix=hp+reverb+g2%252Cvideogames%252C129&amp;sr=1-3&amp;_encoding=UTF8&amp;tag=sonder11angeb-21&amp;linkCode=ur2&amp;linkId=73ff20dee10b594b6e385352fda00287&amp;camp=1638&amp;creative=6742&#8243; badge_url_new_window=&#8221;on&#8221; alt=&#8221;HP Reverb G2 HEadset&#8221; button_text=&#8221;View VR goggles&#8221; button_url_new_window=&#8221;1&#8243; _builder_version=&#8221;4.18.1&#8243; _module_preset=&#8221;default&#8221; link_option_url=&#8221;https:\/\/www.amazon.de\/HP-Virtual-Reality-Brille-Aufl%25C3%25B6sung-Blickwinkel-Treiber\/dp\/B08BFKQGN3\/ref=sr_1_3?__mk_de_DE=%25C3%2585M%25C3%2585%25C5%25BD%25C3%2595%25C3%2591&#038;crid=P6ON93Y9GML8&#038;keywords=HP+Reverb+G2&#038;qid=1667222329&#038;qu=eyJxc2MiOiIyLjMxIiwicXNhIjoiMi4zNyIsInFzcCI6IjIuMTgifQ%253D%253D&#038;s=videogames&#038;sprefix=hp+reverb+g2%252Cvideogames%252C129&#038;sr=1-3&#038;_encoding=UTF8&#038;tag=sonder11angeb-21&#038;linkCode=ur2&#038;linkId=73ff20dee10b594b6e385352fda00287&#038;camp=1638&#038;creative=6742&#8243; link_option_url_new_window=&#8221;on&#8221; global_colors_info=&#8221;{}&#8221; global_module=&#8221;2008&#8243; theme_builder_area=&#8221;post_content&#8221;]<\/p>\n<p><strong>Metaverse Worlds:<\/strong> Somnium Space<\/p>\n<p><strong>Data on the HP Reverb G2<\/strong><\/p>\n<ul>\n<li>2,160 x 2,160 pixels per eye<\/li>\n<li>Battery life: 15 hours<\/li>\n<\/ul>\n<p>[\/dsm_card][\/et_pb_column][et_pb_column _builder_version=&#8221;4.18.1&#8243; _module_preset=&#8221;default&#8221; type=&#8221;1_3&#8243;][\/et_pb_column][et_pb_column _builder_version=&#8221;4.18.1&#8243; _module_preset=&#8221;default&#8221; type=&#8221;1_3&#8243;][\/et_pb_column][\/et_pb_row][\/et_pb_section][et_pb_section fb_built=&#8221;1&#8243; module_id=&#8221;3&#8243; _builder_version=&#8221;4.18.0&#8243; _module_preset=&#8221;bb39e286-7b0a-44d7-ae20-39a35827829d&#8221; global_colors_info=&#8221;{}&#8221;][et_pb_row column_structure=&#8221;3_5,2_5&#8243; _builder_version=&#8221;4.18.0&#8243; _module_preset=&#8221;default&#8221; global_colors_info=&#8221;{}&#8221;][et_pb_column type=&#8221;3_5&#8243; _builder_version=&#8221;4.18.0&#8243; _module_preset=&#8221;default&#8221; global_colors_info=&#8221;{}&#8221;][et_pb_text _builder_version=&#8221;4.18.0&#8243; _module_preset=&#8221;aaafbbdc-b06c-4d2f-9bea-90819b375c73&#8243; global_colors_info=&#8221;{}&#8221;]<\/p>\n<h2>Somnium Space &#8211; Own VR headset<\/h2>\n<p>Although Somnium Space is compatible with other VR headsets, Somnium Space is currently working on its own VR headset. With the<strong> &#8220;Somnium VR ONE&#8221;,<\/strong> the company wants to bring something unique to the market.<\/p>\n<p>This is because the 3D models of the headset parts should be available so that any user with access to a 3D printer can <strong>print the parts themselves<\/strong> . The electronics of the VR headset are to be sold online via Somnium Space and will be <strong>comparatively cheap<\/strong> thanks to mass production. If you don&#8217;t have a 3D printer at your disposal, you can also purchase the fully <strong>assembled headset from Somnium Space<\/strong>.<\/p>\n<p>Somnium Space is partnering with Vrgineers Inc. (provider of virtual and mixed reality pilot training systems) and the 3D printer manufacturer Prusa Research. Currently (as of October 2022), only one <strong>prototype of the VR headset is known<\/strong>.<\/p>\n<p>[\/et_pb_text][\/et_pb_column][et_pb_column type=&#8221;2_5&#8243; _builder_version=&#8221;4.18.0&#8243; _module_preset=&#8221;fffd0884-6a5a-486c-9d4f-909f0e0bd8f5&#8243; global_colors_info=&#8221;{}&#8221;][et_pb_text _builder_version=&#8221;4.18.0&#8243; _module_preset=&#8221;aaafbbdc-b06c-4d2f-9bea-90819b375c73&#8243; global_colors_info=&#8221;{}&#8221;]<\/p>\n<h4>Somnium VR ONE Prototype<\/h4>\n<p>[\/et_pb_text][et_pb_video src=&#8221;https:\/\/www.youtube.com\/watch?v=YBAk9AiNDb8&#8243; _builder_version=&#8221;4.18.0&#8243; _module_preset=&#8221;default&#8221; custom_padding=&#8221;2px|||||&#8221; global_colors_info=&#8221;{}&#8221;][\/et_pb_video][\/et_pb_column][\/et_pb_row][\/et_pb_section][et_pb_section fb_built=&#8221;1&#8243; module_id=&#8221;3&#8243; _builder_version=&#8221;4.18.0&#8243; _module_preset=&#8221;default&#8221; global_module=&#8221;1974&#8243; global_colors_info=&#8221;{}&#8221;][et_pb_row _builder_version=&#8221;4.17.3&#8243; _module_preset=&#8221;default&#8221; global_colors_info=&#8221;{}&#8221;][et_pb_column type=&#8221;4_4&#8243; _builder_version=&#8221;4.17.3&#8243; _module_preset=&#8221;default&#8221; global_colors_info=&#8221;{}&#8221;][et_pb_text ul_type=&#8221;none&#8221; _builder_version=&#8221;4.18.1&#8243; _module_preset=&#8221;default&#8221; global_colors_info=&#8221;{}&#8221;]<\/p>\n<h2>Which worlds are still compatible with VR glasses?<\/h2>\n<p>Please also check for yourself whether the glasses displayed are compatible with the metaverse world of your choice.<\/p>\n<p>[\/et_pb_text][et_pb_portfolio include_categories=&#8221;93&#8243; _builder_version=&#8221;4.18.0&#8243; _module_preset=&#8221;default&#8221; global_colors_info=&#8221;{}&#8221;][\/et_pb_portfolio][\/et_pb_column][\/et_pb_row][\/et_pb_section]<\/p>\n","protected":false},"excerpt":{"rendered":"<p>Somnium Space VR goggles Find the right VR headset Using VR technology, you can explore the 3D environment of Somnium Space in a unique way. You can find out which VR glasses you need for Somnium Space from us.<div class=\"et_pb_with_border et_pb_module dsm_icon_list dsm_icon_list_0\">\n\t\t\t\t\n\t\t\t\t\n\t\t\t\t\n\t\t\t\t\n\t\t\t\t\n\t\t\t\t\n\t\t\t\t<div class=\"et_pb_module_inner\">\n\t\t\t\t\t<ul class=\"dsm_icon_list_items dsm_icon_list_ltr_direction dsm_icon_list_layout_vertical\"><\/ul>\n\t\t\t\t<\/div>\n\t\t\t<\/div><li class=\"dsm_icon_list_child dsm_icon_list_child_0\">\n\t\t\t\t\n\t\t\t\t\n\t\t\t\t\n\t\t\t\t\n\t\t\t\t<a href=\"#1\"><span class=\"dsm_icon_list_wrapper\"><span class=\"dsm_icon_list_icon\">E<\/span><\/span><span class=\"dsm_icon_list_text\">1. Why VR glasses?<\/span><\/a>\n\t\t\t<\/li><li class=\"dsm_icon_list_child dsm_icon_list_child_1\">\n\t\t\t\t\n\t\t\t\t\n\t\t\t\t\n\t\t\t\t\n\t\t\t\t<span class=\"dsm_icon_list_wrapper\"><span class=\"dsm_icon_list_icon\">P<\/span><\/span><span class=\"dsm_icon_list_text\">&#8221;2.<\/span>\n\t\t\t<\/li><\/p>\n","protected":false},"author":1,"featured_media":0,"parent":2775,"menu_order":0,"comment_status":"closed","ping_status":"closed","template":"","meta":{"_et_pb_use_builder":"on","_et_pb_old_content":"","_et_gb_content_width":"","footnotes":""},"class_list":["post-2743","page","type-page","status-publish","hentry"],"yoast_head":"<!-- This site is optimized with the Yoast SEO plugin v27.1.1 - https:\/\/yoast.com\/product\/yoast-seo-wordpress\/ -->\n<title>Which VR glasses are suitable for Somnium Space?<\/title>\n<meta name=\"description\" content=\"Which VR glasses are compatible with the metaverse world Somnium Space? Find out from us which VR glasses you can use.\" \/>\n<meta name=\"robots\" content=\"index, follow, max-snippet:-1, max-image-preview:large, max-video-preview:-1\" \/>\n<link rel=\"canonical\" href=\"https:\/\/metaverse-user.com\/en\/metaverse-vr-glasses\/vr-glasses-somnium-space\/\" \/>\n<meta property=\"og:locale\" content=\"en_US\" \/>\n<meta property=\"og:type\" content=\"article\" \/>\n<meta property=\"og:title\" content=\"Which VR glasses are suitable for Somnium Space?\" \/>\n<meta property=\"og:description\" content=\"Which VR glasses are compatible with the metaverse world Somnium Space? Find out from us which VR glasses you can use.\" \/>\n<meta property=\"og:url\" content=\"https:\/\/metaverse-user.com\/en\/metaverse-vr-glasses\/vr-glasses-somnium-space\/\" \/>\n<meta property=\"og:site_name\" content=\"Metaverse User\" \/>\n<meta property=\"article:modified_time\" content=\"2023-07-20T07:52:23+00:00\" \/>\n<meta name=\"twitter:card\" content=\"summary_large_image\" \/>\n<meta name=\"twitter:label1\" content=\"Est. reading time\" \/>\n\t<meta name=\"twitter:data1\" content=\"10 minutes\" \/>\n<script type=\"application\/ld+json\" class=\"yoast-schema-graph\">{\"@context\":\"https:\/\/schema.org\",\"@graph\":[{\"@type\":\"WebPage\",\"@id\":\"https:\/\/metaverse-user.com\/en\/metaverse-vr-glasses\/vr-glasses-somnium-space\/\",\"url\":\"https:\/\/metaverse-user.com\/en\/metaverse-vr-glasses\/vr-glasses-somnium-space\/\",\"name\":\"Which VR glasses are suitable for Somnium Space?\",\"isPartOf\":{\"@id\":\"https:\/\/metaverse-user.com\/en\/#website\"},\"datePublished\":\"2022-10-28T07:02:39+00:00\",\"dateModified\":\"2023-07-20T07:52:23+00:00\",\"description\":\"Which VR glasses are compatible with the metaverse world Somnium Space? Find out from us which VR glasses you can use.\",\"breadcrumb\":{\"@id\":\"https:\/\/metaverse-user.com\/en\/metaverse-vr-glasses\/vr-glasses-somnium-space\/#breadcrumb\"},\"inLanguage\":\"en-US\",\"potentialAction\":[{\"@type\":\"ReadAction\",\"target\":[\"https:\/\/metaverse-user.com\/en\/metaverse-vr-glasses\/vr-glasses-somnium-space\/\"]}]},{\"@type\":\"BreadcrumbList\",\"@id\":\"https:\/\/metaverse-user.com\/en\/metaverse-vr-glasses\/vr-glasses-somnium-space\/#breadcrumb\",\"itemListElement\":[{\"@type\":\"ListItem\",\"position\":1,\"name\":\"Startseite\",\"item\":\"https:\/\/metaverse-user.com\/en\/home\/\"},{\"@type\":\"ListItem\",\"position\":2,\"name\":\"VR glasses Somnium Space\"}]},{\"@type\":\"WebSite\",\"@id\":\"https:\/\/metaverse-user.com\/en\/#website\",\"url\":\"https:\/\/metaverse-user.com\/en\/\",\"name\":\"Metaverse-user.com\",\"description\":\"Alle Infos f\u00fcr User des Metaverse\",\"publisher\":{\"@id\":\"https:\/\/metaverse-user.com\/en\/#organization\"},\"alternateName\":\"Wie Sie in die Metaverse Welten eintauchen\",\"potentialAction\":[{\"@type\":\"SearchAction\",\"target\":{\"@type\":\"EntryPoint\",\"urlTemplate\":\"https:\/\/metaverse-user.com\/en\/?s={search_term_string}\"},\"query-input\":{\"@type\":\"PropertyValueSpecification\",\"valueRequired\":true,\"valueName\":\"search_term_string\"}}],\"inLanguage\":\"en-US\"},{\"@type\":\"Organization\",\"@id\":\"https:\/\/metaverse-user.com\/en\/#organization\",\"name\":\"Metaverse-user.com\",\"alternateName\":\"Wie Sie in die Metaverse Welten eintauchen\",\"url\":\"https:\/\/metaverse-user.com\/en\/\",\"logo\":{\"@type\":\"ImageObject\",\"inLanguage\":\"en-US\",\"@id\":\"https:\/\/metaverse-user.com\/en\/#\/schema\/logo\/image\/\",\"url\":\"https:\/\/metaverse-user.com\/wp-content\/uploads\/Metaverse-Accounts.png\",\"contentUrl\":\"https:\/\/metaverse-user.com\/wp-content\/uploads\/Metaverse-Accounts.png\",\"width\":2000,\"height\":560,\"caption\":\"Metaverse-user.com\"},\"image\":{\"@id\":\"https:\/\/metaverse-user.com\/en\/#\/schema\/logo\/image\/\"}}]}<\/script>\n<!-- \/ Yoast SEO plugin. -->","yoast_head_json":{"title":"Which VR glasses are suitable for Somnium Space?","description":"Which VR glasses are compatible with the metaverse world Somnium Space? Find out from us which VR glasses you can use.","robots":{"index":"index","follow":"follow","max-snippet":"max-snippet:-1","max-image-preview":"max-image-preview:large","max-video-preview":"max-video-preview:-1"},"canonical":"https:\/\/metaverse-user.com\/en\/metaverse-vr-glasses\/vr-glasses-somnium-space\/","og_locale":"en_US","og_type":"article","og_title":"Which VR glasses are suitable for Somnium Space?","og_description":"Which VR glasses are compatible with the metaverse world Somnium Space? Find out from us which VR glasses you can use.","og_url":"https:\/\/metaverse-user.com\/en\/metaverse-vr-glasses\/vr-glasses-somnium-space\/","og_site_name":"Metaverse User","article_modified_time":"2023-07-20T07:52:23+00:00","twitter_card":"summary_large_image","twitter_misc":{"Est. reading time":"10 minutes"},"schema":{"@context":"https:\/\/schema.org","@graph":[{"@type":"WebPage","@id":"https:\/\/metaverse-user.com\/en\/metaverse-vr-glasses\/vr-glasses-somnium-space\/","url":"https:\/\/metaverse-user.com\/en\/metaverse-vr-glasses\/vr-glasses-somnium-space\/","name":"Which VR glasses are suitable for Somnium Space?","isPartOf":{"@id":"https:\/\/metaverse-user.com\/en\/#website"},"datePublished":"2022-10-28T07:02:39+00:00","dateModified":"2023-07-20T07:52:23+00:00","description":"Which VR glasses are compatible with the metaverse world Somnium Space? Find out from us which VR glasses you can use.","breadcrumb":{"@id":"https:\/\/metaverse-user.com\/en\/metaverse-vr-glasses\/vr-glasses-somnium-space\/#breadcrumb"},"inLanguage":"en-US","potentialAction":[{"@type":"ReadAction","target":["https:\/\/metaverse-user.com\/en\/metaverse-vr-glasses\/vr-glasses-somnium-space\/"]}]},{"@type":"BreadcrumbList","@id":"https:\/\/metaverse-user.com\/en\/metaverse-vr-glasses\/vr-glasses-somnium-space\/#breadcrumb","itemListElement":[{"@type":"ListItem","position":1,"name":"Startseite","item":"https:\/\/metaverse-user.com\/en\/home\/"},{"@type":"ListItem","position":2,"name":"VR glasses Somnium Space"}]},{"@type":"WebSite","@id":"https:\/\/metaverse-user.com\/en\/#website","url":"https:\/\/metaverse-user.com\/en\/","name":"Metaverse-user.com","description":"Alle Infos f\u00fcr User des Metaverse","publisher":{"@id":"https:\/\/metaverse-user.com\/en\/#organization"},"alternateName":"Wie Sie in die Metaverse Welten eintauchen","potentialAction":[{"@type":"SearchAction","target":{"@type":"EntryPoint","urlTemplate":"https:\/\/metaverse-user.com\/en\/?s={search_term_string}"},"query-input":{"@type":"PropertyValueSpecification","valueRequired":true,"valueName":"search_term_string"}}],"inLanguage":"en-US"},{"@type":"Organization","@id":"https:\/\/metaverse-user.com\/en\/#organization","name":"Metaverse-user.com","alternateName":"Wie Sie in die Metaverse Welten eintauchen","url":"https:\/\/metaverse-user.com\/en\/","logo":{"@type":"ImageObject","inLanguage":"en-US","@id":"https:\/\/metaverse-user.com\/en\/#\/schema\/logo\/image\/","url":"https:\/\/metaverse-user.com\/wp-content\/uploads\/Metaverse-Accounts.png","contentUrl":"https:\/\/metaverse-user.com\/wp-content\/uploads\/Metaverse-Accounts.png","width":2000,"height":560,"caption":"Metaverse-user.com"},"image":{"@id":"https:\/\/metaverse-user.com\/en\/#\/schema\/logo\/image\/"}}]}},"_links":{"self":[{"href":"https:\/\/metaverse-user.com\/en\/wp-json\/wp\/v2\/pages\/2743","targetHints":{"allow":["GET"]}}],"collection":[{"href":"https:\/\/metaverse-user.com\/en\/wp-json\/wp\/v2\/pages"}],"about":[{"href":"https:\/\/metaverse-user.com\/en\/wp-json\/wp\/v2\/types\/page"}],"author":[{"embeddable":true,"href":"https:\/\/metaverse-user.com\/en\/wp-json\/wp\/v2\/users\/1"}],"replies":[{"embeddable":true,"href":"https:\/\/metaverse-user.com\/en\/wp-json\/wp\/v2\/comments?post=2743"}],"version-history":[{"count":0,"href":"https:\/\/metaverse-user.com\/en\/wp-json\/wp\/v2\/pages\/2743\/revisions"}],"up":[{"embeddable":true,"href":"https:\/\/metaverse-user.com\/en\/wp-json\/wp\/v2\/pages\/2775"}],"wp:attachment":[{"href":"https:\/\/metaverse-user.com\/en\/wp-json\/wp\/v2\/media?parent=2743"}],"curies":[{"name":"wp","href":"https:\/\/api.w.org\/{rel}","templated":true}]}}