{"id":2709,"date":"2022-10-28T09:06:04","date_gmt":"2022-10-28T09:06:04","guid":{"rendered":"https:\/\/metaverse-user.com\/vr-glasses-voxels\/"},"modified":"2023-07-20T07:52:04","modified_gmt":"2023-07-20T07:52:04","slug":"vr-glasses-voxels","status":"publish","type":"page","link":"https:\/\/metaverse-user.com\/en\/metaverse-vr-glasses\/vr-glasses-voxels\/","title":{"rendered":"VR glasses Voxels"},"content":{"rendered":"<p>[et_pb_section fb_built=&#8221;1&#8243; _builder_version=&#8221;4.17.3&#8243; _module_preset=&#8221;22ca1b66-79cc-4413-a1b5-9b3d178af93e&#8221; global_colors_info=&#8221;{}&#8221;][et_pb_row column_structure=&#8221;3_5,2_5&#8243; _builder_version=&#8221;4.17.3&#8243; _module_preset=&#8221;7b2f8646-cb84-47f5-8c3e-c54215129535&#8243; global_colors_info=&#8221;{}&#8221;][et_pb_column type=&#8221;3_5&#8243; _builder_version=&#8221;4.17.3&#8243; _module_preset=&#8221;default&#8221; global_colors_info=&#8221;{}&#8221;][et_pb_text _builder_version=&#8221;4.18.1&#8243; _module_preset=&#8221;default&#8221; global_colors_info=&#8221;{}&#8221;]<\/p>\n<h1>Voxels VR glasses<\/h1>\n<h6>Find the right VR headset<\/h6>\n<p><a href=\"https:\/\/metaverse-user.com\/en\/project\/voxels\/\">Voxels<\/a> or formerly Cryptovoxels is a metaverse world that you can discover and help shape.<\/p>\n<p>You can find out which VR glasses are suitable for voxels from us.<\/p>\n<p>[\/et_pb_text][\/et_pb_column][et_pb_column type=&#8221;2_5&#8243; _builder_version=&#8221;4.17.3&#8243; _module_preset=&#8221;default&#8221; global_colors_info=&#8221;{}&#8221;][dsm_icon_list _builder_version=&#8221;4.18.0&#8243; _module_preset=&#8221;9697be0b-4235-417b-9da9-28b40234e59c&#8221; global_colors_info=&#8221;{}&#8221;][dsm_icon_list_child text=&#8221;1. Why VR glasses?&#8221; font_icon=&#8221;&#x45;||divi||400&#8243; url=&#8221;#1&#8243; _builder_version=&#8221;4.18.0&#8243; _module_preset=&#8221;203fe1b7-6d3e-4d4f-8056-e286d5def9a2&#8243; global_colors_info=&#8221;{}&#8221;][\/dsm_icon_list_child][dsm_icon_list_child text=&#8221;2. VR glasses in voxels&#8221; font_icon=&#8221;&#x45;||divi||400&#8243; url=&#8221;#2&#8243; _builder_version=&#8221;4.18.0&#8243; _module_preset=&#8221;203fe1b7-6d3e-4d4f-8056-e286d5def9a2&#8243; global_colors_info=&#8221;{}&#8221;][\/dsm_icon_list_child][dsm_icon_list_child text=&#8221;3. More metaverse worlds&#8221; font_icon=&#8221;&#x45;||divi||400&#8243; url=&#8221;#3&#8243; _builder_version=&#8221;4.18.0&#8243; _module_preset=&#8221;203fe1b7-6d3e-4d4f-8056-e286d5def9a2&#8243; global_colors_info=&#8221;{}&#8221;][\/dsm_icon_list_child][\/dsm_icon_list][\/et_pb_column][\/et_pb_row][\/et_pb_section][et_pb_section fb_built=&#8221;1&#8243; module_id=&#8221;1&#8243; _builder_version=&#8221;4.18.0&#8243; _module_preset=&#8221;bb39e286-7b0a-44d7-ae20-39a35827829d&#8221; global_colors_info=&#8221;{}&#8221;][et_pb_row column_structure=&#8221;3_5,2_5&#8243; _builder_version=&#8221;4.18.0&#8243; _module_preset=&#8221;default&#8221; global_colors_info=&#8221;{}&#8221;][et_pb_column type=&#8221;3_5&#8243; _builder_version=&#8221;4.17.3&#8243; _module_preset=&#8221;default&#8221; global_colors_info=&#8221;{}&#8221;][et_pb_text _builder_version=&#8221;4.18.1&#8243; _module_preset=&#8221;aaafbbdc-b06c-4d2f-9bea-90819b375c73&#8243; global_colors_info=&#8221;{}&#8221;]<\/p>\n<h2>Why VR glasses in voxels?<\/h2>\n<p>With VR glasses or a VR headset, you can experience the world of voxels up close. VR technology gives users the feeling of being in the metaverse world.<\/p>\n<p>You can meet with other users in voxels. Thanks to the VR glasses, meeting other voxel users becomes even more real. Control and move your avatar through the VR controllers and look around with head movements (rotate, tilt). Through the controllers and the glasses, the movements are also transmitted to your avatar, which makes a special effect in the interaction with other users.[\/et_pb_text][\/et_pb_column][et_pb_column type=&#8221;2_5&#8243; _builder_version=&#8221;4.18.0&#8243; _module_preset=&#8221;fffd0884-6a5a-486c-9d4f-909f0e0bd8f5&#8243; global_colors_info=&#8221;{}&#8221;][et_pb_blurb title=&#8221;VR goggle construction&#8221; image=&#8221;https:\/\/metaverse-user.com\/wp-content\/uploads\/VR-Brille-Aufbau.jpg&#8221; alt=&#8221;VR goggle construction&#8221; _builder_version=&#8221;4.18.0&#8243; _module_preset=&#8221;6d26542f-a87c-4f9e-a397-f4db9dd6c9d5&#8243; global_module=&#8221;1843&#8243; global_colors_info=&#8221;{}&#8221;]<\/p>\n<p>In einer VR-Brille befinden sich zwei Linsen bzw. &#8220;Bildschirme&#8221; f\u00fcr die Augen. In den Linsen wird die Metaverse Welt wiedergegeben. Aus beiden Linsen formt sich f\u00fcr den VR-Brillen Tr\u00e4ger eine reale Umgebung.<\/p>\n<p>\u00dcber VR-Brillen Zubeh\u00f6r (Steuerungen, Kopfh\u00f6rer&#8230;) wird die virtuelle Realit\u00e4t noch greifbarer.<\/p>\n<p>[\/et_pb_blurb][et_pb_button button_url=&#8221;https:\/\/metaverse-user.com\/vr-brillen\/&#8221; button_text=&#8221;More information about VR glasses&#8221; _builder_version=&#8221;4.18.0&#8243; _module_preset=&#8221;default&#8221; global_colors_info=&#8221;{}&#8221;][\/et_pb_button][\/et_pb_column][\/et_pb_row][\/et_pb_section][et_pb_section fb_built=&#8221;1&#8243; module_id=&#8221;2&#8243; _builder_version=&#8221;4.18.0&#8243; _module_preset=&#8221;09ef3524-2db2-41b5-860b-bffc060d9062&#8243; global_colors_info=&#8221;{}&#8221;][et_pb_row _builder_version=&#8221;4.17.3&#8243; _module_preset=&#8221;default&#8221; global_colors_info=&#8221;{}&#8221;][et_pb_column type=&#8221;4_4&#8243; _builder_version=&#8221;4.17.3&#8243; _module_preset=&#8221;default&#8221; global_colors_info=&#8221;{}&#8221;][et_pb_text _builder_version=&#8221;4.18.0&#8243; _module_preset=&#8221;default&#8221; global_colors_info=&#8221;{}&#8221;]<\/p>\n<h2>What VR glasses can you use for voxels?<\/h2>\n<p>[\/et_pb_text][\/et_pb_column][\/et_pb_row][et_pb_row column_structure=&#8221;1_3,1_3,1_3&#8243; _builder_version=&#8221;4.18.0&#8243; _module_preset=&#8221;default&#8221; global_colors_info=&#8221;{}&#8221;][et_pb_column type=&#8221;1_3&#8243; _builder_version=&#8221;4.18.0&#8243; _module_preset=&#8221;default&#8221; global_colors_info=&#8221;{}&#8221;][dsm_card title=&#8221;Oculus Meta Quest 2&#8243; image=&#8221;https:\/\/metaverse-user.com\/wp-content\/uploads\/Meta-Quest-2-kaufen.jpg&#8221; badge_text=&#8221;starting from 509,99 \u20ac&#8221; badge_url=&#8221;https:\/\/www.amazon.de\/Meta-Quest-Virtual-Reality-Generation-weiss\/dp\/B0B527M88H\/ref=sr_1_3?__mk_de_DE=%25C3%2585M%25C3%2585%25C5%25BD%25C3%2595%25C3%2591&amp;crid=14N9U7A1HUJ1D&amp;keywords=Meta%252BQuest%252B2&amp;qid=1667218299&amp;qu=eyJxc2MiOiIzLjM4IiwicXNhIjoiNC4wNiIsInFzcCI6IjMuOTIifQ%253D%253D&amp;sprefix=meta%252Bquest%252B2%252Caps%252C104&amp;sr=8-3&amp;th=1&amp;_encoding=UTF8&amp;tag=sonder11angeb-21&amp;linkCode=ur2&amp;linkId=d3350bb83b166b2f1ae19cc1b0ea4680&amp;camp=1638&amp;creative=6742&#8243; badge_url_new_window=&#8221;on&#8221; alt=&#8221;Buy Meta Quest 2&#8243; button_text=&#8221;View VR goggles&#8221; button_url_new_window=&#8221;1&#8243; _builder_version=&#8221;4.18.1&#8243; _module_preset=&#8221;default&#8221; link_option_url=&#8221;https:\/\/amzn.to\/4jTZDTw&#8221; link_option_url_new_window=&#8221;on&#8221; saved_tabs=&#8221;all&#8221; global_colors_info=&#8221;{}&#8221; global_module=&#8221;1993&#8243; theme_builder_area=&#8221;post_content&#8221;]<\/p>\n<p><strong>Metaverse Worlds: <\/strong>Horizon Worlds, Roblox, Somnium Space, Spatial, Voxels<\/p>\n<p><strong>Meta Quest 2 data<\/strong><\/p>\n<ul>\n<li>Storage: 128GB or 256GB<\/li>\n<li>1,832 x 1,920 pixels per eye<\/li>\n<li>Can be used both wirelessly and wired<\/li>\n<\/ul>\n<p>[\/dsm_card][\/et_pb_column][et_pb_column type=&#8221;1_3&#8243; _builder_version=&#8221;4.18.0&#8243; _module_preset=&#8221;default&#8221; global_colors_info=&#8221;{}&#8221;][dsm_card title=&#8221;Meta Quest Pro&#8221; image=&#8221;https:\/\/metaverse-user.com\/wp-content\/uploads\/Oculus-Meta-Quest-Pro.jpg&#8221; image_background_size=&#8221;contain&#8221; badge_text=&#8221;starting from 1.799 \u20ac&#8221; badge_url=&#8221;https:\/\/www.amazon.de\/Meta-Quest-Virtual-Reality-Generation-weiss\/dp\/B0B527M88H\/ref=sr_1_3?__mk_de_DE=%25C3%2585M%25C3%2585%25C5%25BD%25C3%2595%25C3%2591&amp;crid=14N9U7A1HUJ1D&amp;keywords=Meta%252BQuest%252B2&amp;qid=1667218299&amp;qu=eyJxc2MiOiIzLjM4IiwicXNhIjoiNC4wNiIsInFzcCI6IjMuOTIifQ%253D%253D&amp;sprefix=meta%252Bquest%252B2%252Caps%252C104&amp;sr=8-3&amp;th=1&amp;_encoding=UTF8&amp;tag=sonder11angeb-21&amp;linkCode=ur2&amp;linkId=d3350bb83b166b2f1ae19cc1b0ea4680&amp;camp=1638&amp;creative=6742&#8243; badge_url_new_window=&#8221;on&#8221; alt=&#8221;Oculus Meta Quest Pro&#8221; button_text=&#8221;View VR goggles&#8221; button_url_new_window=&#8221;1&#8243; _builder_version=&#8221;4.18.1&#8243; _module_preset=&#8221;default&#8221; link_option_url=&#8221;https:\/\/amzn.to\/4jTZDTw&#8221; link_option_url_new_window=&#8221;on&#8221; saved_tabs=&#8221;all&#8221; global_colors_info=&#8221;{}&#8221; global_module=&#8221;2000&#8243; theme_builder_area=&#8221;post_content&#8221;]<\/p>\n<p><strong>Metaverse Worlds: <\/strong>Horizon Worlds, Roblox, Somnium Space, Spatial, Voxels<\/p>\n<p><strong>Meta Quest Pro data<\/strong><\/p>\n<ul>\n<li><span style=\"font-size: 20px;\">Storage: 356 GB<\/span><\/li>\n<li><span style=\"font-size: 20px;\">1,800 x 1,920 pixels per eye<\/span><\/li>\n<li>Battery life: 1-2 hours (can be charged during use)<\/li>\n<\/ul>\n<p>[\/dsm_card][\/et_pb_column][et_pb_column type=&#8221;1_3&#8243; _builder_version=&#8221;4.18.0&#8243; _module_preset=&#8221;default&#8221; global_colors_info=&#8221;{}&#8221;][dsm_card title=&#8221;HTC Vive Pro 2&#8243; image=&#8221;https:\/\/metaverse-user.com\/wp-content\/uploads\/HTC-Vive-pro-2.jpg&#8221; badge_text=&#8221;starting from 769 \u20ac&#8221; badge_url=&#8221;https:\/\/www.amazon.de\/HTC-VIVE-Pro-Headset-Windows\/dp\/B094HQGJRC\/ref=sr_1_3?__mk_de_DE=%25C3%2585M%25C3%2585%25C5%25BD%25C3%2595%25C3%2591&amp;crid=1V2G5EC0WM24C&amp;keywords=HTC+Vive&amp;qid=1667223853&amp;qu=eyJxc2MiOiI0Ljg5IiwicXNhIjoiNC44MSIsInFzcCI6IjQuMjUifQ%253D%253D&amp;s=videogames&amp;sprefix=htc+vive%252Cvideogames%252C120&amp;sr=1-3&amp;_encoding=UTF8&amp;tag=sonder11angeb-21&amp;linkCode=ur2&amp;linkId=53ede3dbb784dd9df710d31faf7ce105&amp;camp=1638&amp;creative=6742&#8243; badge_url_new_window=&#8221;on&#8221; alt=&#8221;HTC Vive pro 2&#8243; button_text=&#8221;View VR goggles&#8221; button_url_new_window=&#8221;1&#8243; _builder_version=&#8221;4.18.1&#8243; _module_preset=&#8221;default&#8221; link_option_url=&#8221;https:\/\/www.amazon.de\/HTC-VIVE-Pro-Headset-Windows\/dp\/B094HQGJRC\/ref=sr_1_3?__mk_de_DE=%25C3%2585M%25C3%2585%25C5%25BD%25C3%2595%25C3%2591&#038;crid=1V2G5EC0WM24C&#038;keywords=HTC+Vive&#038;qid=1667223853&#038;qu=eyJxc2MiOiI0Ljg5IiwicXNhIjoiNC44MSIsInFzcCI6IjQuMjUifQ%253D%253D&#038;s=videogames&#038;sprefix=htc+vive%252Cvideogames%252C120&#038;sr=1-3&#038;_encoding=UTF8&#038;tag=sonder11angeb-21&#038;linkCode=ur2&#038;linkId=53ede3dbb784dd9df710d31faf7ce105&#038;camp=1638&#038;creative=6742&#8243; link_option_url_new_window=&#8221;on&#8221; saved_tabs=&#8221;all&#8221; global_colors_info=&#8221;{}&#8221; global_module=&#8221;2009&#8243; theme_builder_area=&#8221;post_content&#8221;]<\/p>\n<p><strong>Metaverse Worlds:<\/strong> Voxels<\/p>\n<p><strong>HTC Vive Pro 2 specs<\/strong><\/p>\n<ul>\n<li>2,448 x 2,448 pixels per eye<\/li>\n<li>120\u00b0 viewing angle<\/li>\n<li>Adjustable lens spacing<\/li>\n<\/ul>\n<p>[\/dsm_card][\/et_pb_column][\/et_pb_row][\/et_pb_section][et_pb_section fb_built=&#8221;1&#8243; module_id=&#8221;3&#8243; _builder_version=&#8221;4.18.0&#8243; _module_preset=&#8221;default&#8221; global_module=&#8221;1974&#8243; saved_tabs=&#8221;all&#8221; global_colors_info=&#8221;{}&#8221;][et_pb_row _builder_version=&#8221;4.17.3&#8243; _module_preset=&#8221;default&#8221; global_colors_info=&#8221;{}&#8221;][et_pb_column type=&#8221;4_4&#8243; _builder_version=&#8221;4.17.3&#8243; _module_preset=&#8221;default&#8221; global_colors_info=&#8221;{}&#8221;][et_pb_text ul_type=&#8221;none&#8221; _builder_version=&#8221;4.18.1&#8243; _module_preset=&#8221;default&#8221; global_colors_info=&#8221;{}&#8221;]<\/p>\n<h2>Which worlds are still compatible with VR glasses?<\/h2>\n<p>Please also check for yourself whether the glasses displayed are compatible with the metaverse world of your choice.<\/p>\n<p>[\/et_pb_text][et_pb_portfolio include_categories=&#8221;93&#8243; _builder_version=&#8221;4.18.0&#8243; _module_preset=&#8221;default&#8221; global_colors_info=&#8221;{}&#8221;][\/et_pb_portfolio][\/et_pb_column][\/et_pb_row][\/et_pb_section]<\/p>\n","protected":false},"excerpt":{"rendered":"<p>Voxels VR glasses Find the right VR headset Voxels or formerly Cryptovoxels is a metaverse world that you can discover and help shape. You can find out which VR glasses are suitable for voxels from us.<div class=\"et_pb_with_border et_pb_module dsm_icon_list dsm_icon_list_0\">\n\t\t\t\t\n\t\t\t\t\n\t\t\t\t\n\t\t\t\t\n\t\t\t\t\n\t\t\t\t\n\t\t\t\t<div class=\"et_pb_module_inner\">\n\t\t\t\t\t<ul class=\"dsm_icon_list_items dsm_icon_list_ltr_direction dsm_icon_list_layout_vertical\"><\/ul>\n\t\t\t\t<\/div>\n\t\t\t<\/div><li class=\"dsm_icon_list_child dsm_icon_list_child_0\">\n\t\t\t\t\n\t\t\t\t\n\t\t\t\t\n\t\t\t\t\n\t\t\t\t<a href=\"#1\"><span class=\"dsm_icon_list_wrapper\"><span class=\"dsm_icon_list_icon\">E<\/span><\/span><span class=\"dsm_icon_list_text\">1. Why VR glasses?<\/span><\/a>\n\t\t\t<\/li><li class=\"dsm_icon_list_child dsm_icon_list_child_1\">\n\t\t\t\t\n\t\t\t\t\n\t\t\t\t\n\t\t\t\t\n\t\t\t\t<a href=\"http:\/\/&#8221;#2&#8243;\"><span class=\"dsm_icon_list_wrapper\"><span class=\"dsm_icon_list_icon\"><\/span><\/span><span class=\"dsm_icon_list_text\">&#8221;2.<\/span><\/a>\n\t\t\t<\/li><\/p>\n","protected":false},"author":1,"featured_media":2611,"parent":2775,"menu_order":0,"comment_status":"closed","ping_status":"closed","template":"","meta":{"_et_pb_use_builder":"on","_et_pb_old_content":"","_et_gb_content_width":"","footnotes":""},"class_list":["post-2709","page","type-page","status-publish","has-post-thumbnail","hentry"],"yoast_head":"<!-- This site is optimized with the Yoast SEO plugin v27.1.1 - https:\/\/yoast.com\/product\/yoast-seo-wordpress\/ -->\n<title>Which VR glasses are suitable for voxels?<\/title>\n<meta name=\"description\" content=\"Which VR glasses are compatible with the metaverse world Voxels? Find out from us which VR glasses you can use.\" \/>\n<meta name=\"robots\" content=\"index, follow, max-snippet:-1, max-image-preview:large, max-video-preview:-1\" \/>\n<link rel=\"canonical\" href=\"https:\/\/metaverse-user.com\/en\/metaverse-vr-glasses\/vr-glasses-voxels\/\" \/>\n<meta property=\"og:locale\" content=\"en_US\" \/>\n<meta property=\"og:type\" content=\"article\" \/>\n<meta property=\"og:title\" content=\"Which VR glasses are suitable for voxels?\" \/>\n<meta property=\"og:description\" content=\"Which VR glasses are compatible with the metaverse world Voxels? Find out from us which VR glasses you can use.\" \/>\n<meta property=\"og:url\" content=\"https:\/\/metaverse-user.com\/en\/metaverse-vr-glasses\/vr-glasses-voxels\/\" \/>\n<meta property=\"og:site_name\" content=\"Metaverse User\" \/>\n<meta property=\"article:modified_time\" content=\"2023-07-20T07:52:04+00:00\" \/>\n<meta property=\"og:image\" content=\"https:\/\/metaverse-user.com\/wp-content\/uploads\/Voxels-VR-Brille.jpg\" \/>\n\t<meta property=\"og:image:width\" content=\"1200\" \/>\n\t<meta property=\"og:image:height\" content=\"675\" \/>\n\t<meta property=\"og:image:type\" content=\"image\/jpeg\" \/>\n<meta name=\"twitter:card\" content=\"summary_large_image\" \/>\n<meta name=\"twitter:label1\" content=\"Est. reading time\" \/>\n\t<meta name=\"twitter:data1\" content=\"7 minutes\" \/>\n<script type=\"application\/ld+json\" class=\"yoast-schema-graph\">{\"@context\":\"https:\/\/schema.org\",\"@graph\":[{\"@type\":\"WebPage\",\"@id\":\"https:\/\/metaverse-user.com\/en\/metaverse-vr-glasses\/vr-glasses-voxels\/\",\"url\":\"https:\/\/metaverse-user.com\/en\/metaverse-vr-glasses\/vr-glasses-voxels\/\",\"name\":\"Which VR glasses are suitable for voxels?\",\"isPartOf\":{\"@id\":\"https:\/\/metaverse-user.com\/en\/#website\"},\"primaryImageOfPage\":{\"@id\":\"https:\/\/metaverse-user.com\/en\/metaverse-vr-glasses\/vr-glasses-voxels\/#primaryimage\"},\"image\":{\"@id\":\"https:\/\/metaverse-user.com\/en\/metaverse-vr-glasses\/vr-glasses-voxels\/#primaryimage\"},\"thumbnailUrl\":\"https:\/\/metaverse-user.com\/wp-content\/uploads\/Voxels-VR-Brille.jpg\",\"datePublished\":\"2022-10-28T09:06:04+00:00\",\"dateModified\":\"2023-07-20T07:52:04+00:00\",\"description\":\"Which VR glasses are compatible with the metaverse world Voxels? Find out from us which VR glasses you can use.\",\"breadcrumb\":{\"@id\":\"https:\/\/metaverse-user.com\/en\/metaverse-vr-glasses\/vr-glasses-voxels\/#breadcrumb\"},\"inLanguage\":\"en-US\",\"potentialAction\":[{\"@type\":\"ReadAction\",\"target\":[\"https:\/\/metaverse-user.com\/en\/metaverse-vr-glasses\/vr-glasses-voxels\/\"]}]},{\"@type\":\"ImageObject\",\"inLanguage\":\"en-US\",\"@id\":\"https:\/\/metaverse-user.com\/en\/metaverse-vr-glasses\/vr-glasses-voxels\/#primaryimage\",\"url\":\"https:\/\/metaverse-user.com\/wp-content\/uploads\/Voxels-VR-Brille.jpg\",\"contentUrl\":\"https:\/\/metaverse-user.com\/wp-content\/uploads\/Voxels-VR-Brille.jpg\",\"width\":1200,\"height\":675},{\"@type\":\"BreadcrumbList\",\"@id\":\"https:\/\/metaverse-user.com\/en\/metaverse-vr-glasses\/vr-glasses-voxels\/#breadcrumb\",\"itemListElement\":[{\"@type\":\"ListItem\",\"position\":1,\"name\":\"Startseite\",\"item\":\"https:\/\/metaverse-user.com\/en\/home\/\"},{\"@type\":\"ListItem\",\"position\":2,\"name\":\"VR glasses Voxels\"}]},{\"@type\":\"WebSite\",\"@id\":\"https:\/\/metaverse-user.com\/en\/#website\",\"url\":\"https:\/\/metaverse-user.com\/en\/\",\"name\":\"Metaverse-user.com\",\"description\":\"Alle Infos f\u00fcr User des Metaverse\",\"publisher\":{\"@id\":\"https:\/\/metaverse-user.com\/en\/#organization\"},\"alternateName\":\"Wie Sie in die Metaverse Welten eintauchen\",\"potentialAction\":[{\"@type\":\"SearchAction\",\"target\":{\"@type\":\"EntryPoint\",\"urlTemplate\":\"https:\/\/metaverse-user.com\/en\/?s={search_term_string}\"},\"query-input\":{\"@type\":\"PropertyValueSpecification\",\"valueRequired\":true,\"valueName\":\"search_term_string\"}}],\"inLanguage\":\"en-US\"},{\"@type\":\"Organization\",\"@id\":\"https:\/\/metaverse-user.com\/en\/#organization\",\"name\":\"Metaverse-user.com\",\"alternateName\":\"Wie Sie in die Metaverse Welten eintauchen\",\"url\":\"https:\/\/metaverse-user.com\/en\/\",\"logo\":{\"@type\":\"ImageObject\",\"inLanguage\":\"en-US\",\"@id\":\"https:\/\/metaverse-user.com\/en\/#\/schema\/logo\/image\/\",\"url\":\"https:\/\/metaverse-user.com\/wp-content\/uploads\/Metaverse-Accounts.png\",\"contentUrl\":\"https:\/\/metaverse-user.com\/wp-content\/uploads\/Metaverse-Accounts.png\",\"width\":2000,\"height\":560,\"caption\":\"Metaverse-user.com\"},\"image\":{\"@id\":\"https:\/\/metaverse-user.com\/en\/#\/schema\/logo\/image\/\"}}]}<\/script>\n<!-- \/ Yoast SEO plugin. -->","yoast_head_json":{"title":"Which VR glasses are suitable for voxels?","description":"Which VR glasses are compatible with the metaverse world Voxels? Find out from us which VR glasses you can use.","robots":{"index":"index","follow":"follow","max-snippet":"max-snippet:-1","max-image-preview":"max-image-preview:large","max-video-preview":"max-video-preview:-1"},"canonical":"https:\/\/metaverse-user.com\/en\/metaverse-vr-glasses\/vr-glasses-voxels\/","og_locale":"en_US","og_type":"article","og_title":"Which VR glasses are suitable for voxels?","og_description":"Which VR glasses are compatible with the metaverse world Voxels? Find out from us which VR glasses you can use.","og_url":"https:\/\/metaverse-user.com\/en\/metaverse-vr-glasses\/vr-glasses-voxels\/","og_site_name":"Metaverse User","article_modified_time":"2023-07-20T07:52:04+00:00","og_image":[{"width":1200,"height":675,"url":"https:\/\/metaverse-user.com\/wp-content\/uploads\/Voxels-VR-Brille.jpg","type":"image\/jpeg"}],"twitter_card":"summary_large_image","twitter_misc":{"Est. reading time":"7 minutes"},"schema":{"@context":"https:\/\/schema.org","@graph":[{"@type":"WebPage","@id":"https:\/\/metaverse-user.com\/en\/metaverse-vr-glasses\/vr-glasses-voxels\/","url":"https:\/\/metaverse-user.com\/en\/metaverse-vr-glasses\/vr-glasses-voxels\/","name":"Which VR glasses are suitable for voxels?","isPartOf":{"@id":"https:\/\/metaverse-user.com\/en\/#website"},"primaryImageOfPage":{"@id":"https:\/\/metaverse-user.com\/en\/metaverse-vr-glasses\/vr-glasses-voxels\/#primaryimage"},"image":{"@id":"https:\/\/metaverse-user.com\/en\/metaverse-vr-glasses\/vr-glasses-voxels\/#primaryimage"},"thumbnailUrl":"https:\/\/metaverse-user.com\/wp-content\/uploads\/Voxels-VR-Brille.jpg","datePublished":"2022-10-28T09:06:04+00:00","dateModified":"2023-07-20T07:52:04+00:00","description":"Which VR glasses are compatible with the metaverse world Voxels? Find out from us which VR glasses you can use.","breadcrumb":{"@id":"https:\/\/metaverse-user.com\/en\/metaverse-vr-glasses\/vr-glasses-voxels\/#breadcrumb"},"inLanguage":"en-US","potentialAction":[{"@type":"ReadAction","target":["https:\/\/metaverse-user.com\/en\/metaverse-vr-glasses\/vr-glasses-voxels\/"]}]},{"@type":"ImageObject","inLanguage":"en-US","@id":"https:\/\/metaverse-user.com\/en\/metaverse-vr-glasses\/vr-glasses-voxels\/#primaryimage","url":"https:\/\/metaverse-user.com\/wp-content\/uploads\/Voxels-VR-Brille.jpg","contentUrl":"https:\/\/metaverse-user.com\/wp-content\/uploads\/Voxels-VR-Brille.jpg","width":1200,"height":675},{"@type":"BreadcrumbList","@id":"https:\/\/metaverse-user.com\/en\/metaverse-vr-glasses\/vr-glasses-voxels\/#breadcrumb","itemListElement":[{"@type":"ListItem","position":1,"name":"Startseite","item":"https:\/\/metaverse-user.com\/en\/home\/"},{"@type":"ListItem","position":2,"name":"VR glasses Voxels"}]},{"@type":"WebSite","@id":"https:\/\/metaverse-user.com\/en\/#website","url":"https:\/\/metaverse-user.com\/en\/","name":"Metaverse-user.com","description":"Alle Infos f\u00fcr User des Metaverse","publisher":{"@id":"https:\/\/metaverse-user.com\/en\/#organization"},"alternateName":"Wie Sie in die Metaverse Welten eintauchen","potentialAction":[{"@type":"SearchAction","target":{"@type":"EntryPoint","urlTemplate":"https:\/\/metaverse-user.com\/en\/?s={search_term_string}"},"query-input":{"@type":"PropertyValueSpecification","valueRequired":true,"valueName":"search_term_string"}}],"inLanguage":"en-US"},{"@type":"Organization","@id":"https:\/\/metaverse-user.com\/en\/#organization","name":"Metaverse-user.com","alternateName":"Wie Sie in die Metaverse Welten eintauchen","url":"https:\/\/metaverse-user.com\/en\/","logo":{"@type":"ImageObject","inLanguage":"en-US","@id":"https:\/\/metaverse-user.com\/en\/#\/schema\/logo\/image\/","url":"https:\/\/metaverse-user.com\/wp-content\/uploads\/Metaverse-Accounts.png","contentUrl":"https:\/\/metaverse-user.com\/wp-content\/uploads\/Metaverse-Accounts.png","width":2000,"height":560,"caption":"Metaverse-user.com"},"image":{"@id":"https:\/\/metaverse-user.com\/en\/#\/schema\/logo\/image\/"}}]}},"_links":{"self":[{"href":"https:\/\/metaverse-user.com\/en\/wp-json\/wp\/v2\/pages\/2709","targetHints":{"allow":["GET"]}}],"collection":[{"href":"https:\/\/metaverse-user.com\/en\/wp-json\/wp\/v2\/pages"}],"about":[{"href":"https:\/\/metaverse-user.com\/en\/wp-json\/wp\/v2\/types\/page"}],"author":[{"embeddable":true,"href":"https:\/\/metaverse-user.com\/en\/wp-json\/wp\/v2\/users\/1"}],"replies":[{"embeddable":true,"href":"https:\/\/metaverse-user.com\/en\/wp-json\/wp\/v2\/comments?post=2709"}],"version-history":[{"count":0,"href":"https:\/\/metaverse-user.com\/en\/wp-json\/wp\/v2\/pages\/2709\/revisions"}],"up":[{"embeddable":true,"href":"https:\/\/metaverse-user.com\/en\/wp-json\/wp\/v2\/pages\/2775"}],"wp:featuredmedia":[{"embeddable":true,"href":"https:\/\/metaverse-user.com\/en\/wp-json\/wp\/v2\/media\/2611"}],"wp:attachment":[{"href":"https:\/\/metaverse-user.com\/en\/wp-json\/wp\/v2\/media?parent=2709"}],"curies":[{"name":"wp","href":"https:\/\/api.w.org\/{rel}","templated":true}]}}