{"id":2681,"date":"2022-07-08T13:09:36","date_gmt":"2022-07-08T13:09:36","guid":{"rendered":"https:\/\/metaverse-user.com\/create-accounts\/"},"modified":"2023-07-18T09:12:11","modified_gmt":"2023-07-18T09:12:11","slug":"create-accounts","status":"publish","type":"page","link":"https:\/\/metaverse-user.com\/en\/create-accounts\/","title":{"rendered":"Create Accounts"},"content":{"rendered":"<p>[et_pb_section fb_built=&#8221;1&#8243; _builder_version=&#8221;4.17.3&#8243; _module_preset=&#8221;22ca1b66-79cc-4413-a1b5-9b3d178af93e&#8221; global_colors_info=&#8221;{}&#8221;][et_pb_row column_structure=&#8221;3_5,2_5&#8243; _builder_version=&#8221;4.17.3&#8243; _module_preset=&#8221;7b2f8646-cb84-47f5-8c3e-c54215129535&#8243; global_colors_info=&#8221;{}&#8221;][et_pb_column type=&#8221;3_5&#8243; _builder_version=&#8221;4.17.3&#8243; _module_preset=&#8221;default&#8221; global_colors_info=&#8221;{}&#8221;][et_pb_text _builder_version=&#8221;4.17.3&#8243; _module_preset=&#8221;default&#8221; global_colors_info=&#8221;{}&#8221;]<\/p>\n<h1>Create Metaverse Accounts<\/h1>\n<h6>Step-by-step instructions<\/h6>\n<p>Would you like to browse and discover the different <a href=\"https:\/\/metaverse-user.com\/en\/metaverse-encyclopedia\/#welten\" target=\"_blank\" rel=\"noopener\">metaverse worlds<\/a> ?<\/p>\n<p>With the help of our step-by-step instructions, you will learn how to create an account in the different metaverse worlds.<\/p>\n<p>[\/et_pb_text][\/et_pb_column][et_pb_column type=&#8221;2_5&#8243; _builder_version=&#8221;4.17.3&#8243; _module_preset=&#8221;default&#8221; global_colors_info=&#8221;{}&#8221;][et_pb_image src=&#8221;https:\/\/metaverse-user.com\/wp-content\/uploads\/Account-erstellen-Spatial.png&#8221; alt=&#8221;Create an account Spatial&#8221; title_text=&#8221;Create an account Spatial&#8221; _builder_version=&#8221;4.17.3&#8243; _module_preset=&#8221;default&#8221; global_colors_info=&#8221;{}&#8221;][\/et_pb_image][\/et_pb_column][\/et_pb_row][\/et_pb_section][et_pb_section fb_built=&#8221;1&#8243; _builder_version=&#8221;4.17.3&#8243; _module_preset=&#8221;default&#8221; global_colors_info=&#8221;{}&#8221;][et_pb_row _builder_version=&#8221;4.17.3&#8243; _module_preset=&#8221;default&#8221; hover_enabled=&#8221;0&#8243; global_colors_info=&#8221;{}&#8221; column_structure=&#8221;3_4,1_4&#8243; sticky_enabled=&#8221;0&#8243;][et_pb_column type=&#8221;3_4&#8243; _builder_version=&#8221;4.17.3&#8243; _module_preset=&#8221;default&#8221; global_colors_info=&#8221;{}&#8221;][et_pb_text _builder_version=&#8221;4.17.3&#8243; _module_preset=&#8221;default&#8221; global_colors_info=&#8221;{}&#8221;]<\/p>\n<h2>Metaverse worlds at a glance<\/h2>\n<p>We have summarized important worlds for you:<\/p>\n<p>[\/et_pb_text][et_pb_portfolio posts_number=&#8221;20&#8243; include_categories=&#8221;36&#8243; show_categories=&#8221;off&#8221; _builder_version=&#8221;4.17.3&#8243; _module_preset=&#8221;default&#8221; global_colors_info=&#8221;{}&#8221;][\/et_pb_portfolio][\/et_pb_column][et_pb_column type=&#8221;1_4&#8243; _builder_version=&#8221;4.17.3&#8243; _module_preset=&#8221;c0e238d6-f920-4412-84dd-fdc12db33760&#8243; hover_enabled=&#8221;0&#8243; global_colors_info=&#8221;{}&#8221; sticky_enabled=&#8221;0&#8243;][et_pb_text _builder_version=&#8221;4.17.3&#8243; _module_preset=&#8221;aaafbbdc-b06c-4d2f-9bea-90819b375c73&#8243; hover_enabled=&#8221;0&#8243; sticky_enabled=&#8221;0&#8243;]<\/p>\n<h5>Metaverse categories<\/h5>\n<p>[\/et_pb_text][et_pb_toggle title=&#8221;Work&#8221; _builder_version=&#8221;4.17.3&#8243; _module_preset=&#8221;9986c3f1-5399-4574-a1df-0d7d2a61cb76&#8243; link_option_url=&#8221;https:\/\/metaverse-user.com\/project_category\/arbeiten\/&#8221; link_option_url_new_window=&#8221;on&#8221; global_colors_info=&#8221;{}&#8221; global_module=&#8221;137&#8243; theme_builder_area=&#8221;post_content&#8221;]<\/p>\n<p>In den Metaverse-Welten mit dem Fokus &#8220;Arbeiten&#8221; wird Unternehmen und deren Mitarbeitern die M\u00f6glichkeit gegeben, digital zusammenzuarbeiten, Meetings abzuhalten oder Businessveranstaltungen zu besuchen.<\/p>\n<p>[\/et_pb_toggle][et_pb_toggle title=&#8221;Experience &amp; Discover&#8221; _builder_version=&#8221;4.17.3&#8243; _module_preset=&#8221;9986c3f1-5399-4574-a1df-0d7d2a61cb76&#8243; link_option_url=&#8221;https:\/\/metaverse-user.com\/project_category\/erleben-entdecken\/&#8221; link_option_url_new_window=&#8221;on&#8221; saved_tabs=&#8221;all&#8221; global_colors_info=&#8221;{}&#8221; global_module=&#8221;121&#8243; theme_builder_area=&#8221;post_content&#8221;]<\/p>\n<p>In den Metaverse-Welten mit dem Fokus &#8220;Erleben &amp; Entdecken&#8221; k\u00f6nnen Sie sich meist in Form eines Avatars durch die digitale Welt bewegen. Dabei ist es m\u00f6glich, Attraktionen und Veranstaltungen zu besuchen und sich mit anderen Usern zu treffen und zu unterhalten.<\/p>\n<p>[\/et_pb_toggle][et_pb_toggle title=&#8221;Create&#8221; _builder_version=&#8221;4.17.3&#8243; _module_preset=&#8221;9986c3f1-5399-4574-a1df-0d7d2a61cb76&#8243; link_option_url=&#8221;https:\/\/metaverse-user.com\/project_category\/erschaffen\/&#8221; saved_tabs=&#8221;all&#8221; global_colors_info=&#8221;{}&#8221; global_module=&#8221;134&#8243; theme_builder_area=&#8221;post_content&#8221;]<\/p>\n<p><span data-offset-key=\"5im7u-0-0\">In den Metaverse-Welten mit dem Fokus &#8220;Erschaffen&#8221; k\u00f6nnen Sie digitale G\u00fcter wie Immobilien oder Kunstwerke erwerben oder selbst erstellen. So k\u00f6nnen Sie Ihre ganz eigene digitale Welt <\/span><span id=\"decorator-corrected-entity-id-2\" data-entity-key=\"2\" data-offset-key=\"5im7u-1-0\"><span data-offset-key=\"5im7u-1-0\">kreieren<\/span><\/span><span data-offset-key=\"5im7u-2-0\">.<\/span><\/p>\n<p>[\/et_pb_toggle][et_pb_toggle title=&#8221;Play&#8221; _builder_version=&#8221;4.17.3&#8243; _module_preset=&#8221;9986c3f1-5399-4574-a1df-0d7d2a61cb76&#8243; link_option_url=&#8221;https:\/\/metaverse-user.com\/project_category\/spielen\/&#8221; link_option_url_new_window=&#8221;on&#8221; global_colors_info=&#8221;{}&#8221; global_module=&#8221;135&#8243; theme_builder_area=&#8221;post_content&#8221;]<\/p>\n<p>In den Metaverse-Welten mit dem Fokus &#8220;Spielen&#8221; k\u00f6nnen Sie alleine oder mit anderen Usern zusammen Spiele spielen und diese aus einer neuen digitalen Perspektive erleben.<\/p>\n<p>[\/et_pb_toggle][et_pb_toggle title=&#8221;Create games&#8221; _builder_version=&#8221;4.17.3&#8243; _module_preset=&#8221;9986c3f1-5399-4574-a1df-0d7d2a61cb76&#8243; link_option_url=&#8221;https:\/\/metaverse-user.com\/project_category\/spiele-erstellen\/&#8221; link_option_url_new_window=&#8221;on&#8221; global_colors_info=&#8221;{}&#8221; global_module=&#8221;136&#8243; theme_builder_area=&#8221;post_content&#8221;]<\/p>\n<p>In den Metaverse-Welten mit dem Fokus &#8220;Spiele erstellen&#8221; k\u00f6nnen Sie Spiele selbst erstellen. Die Spiele k\u00f6nnen anschlie\u00dfend von Ihnen oder auch von anderen Usern kostenlos oder gegen Geb\u00fchren gespielt werden.<\/p>\n<p>[\/et_pb_toggle][\/et_pb_column][\/et_pb_row][\/et_pb_section][et_pb_section fb_built=&#8221;1&#8243; _builder_version=&#8221;4.17.3&#8243; _module_preset=&#8221;09ef3524-2db2-41b5-860b-bffc060d9062&#8243; global_module=&#8221;505&#8243; saved_tabs=&#8221;all&#8221; global_colors_info=&#8221;{}&#8221;][et_pb_row column_structure=&#8221;1_2,1_2&#8243; _builder_version=&#8221;4.17.3&#8243; _module_preset=&#8221;default&#8221; global_colors_info=&#8221;{}&#8221;][et_pb_column type=&#8221;1_2&#8243; _builder_version=&#8221;4.17.3&#8243; _module_preset=&#8221;default&#8221; global_colors_info=&#8221;{}&#8221;][et_pb_image src=&#8221;https:\/\/metaverse-user.com\/wp-content\/uploads\/Gather-Map-Bildschirm.png&#8221; alt=&#8221;Gather Map Screen&#8221; title_text=&#8221;Gather Map Screen&#8221; _builder_version=&#8221;4.17.3&#8243; _module_preset=&#8221;default&#8221; global_colors_info=&#8221;{}&#8221;][\/et_pb_image][et_pb_text _builder_version=&#8221;4.17.3&#8243; _module_preset=&#8221;d986938d-b333-43cb-ac60-a319446d95f6&#8243; global_colors_info=&#8221;{}&#8221;]Source: https:\/\/app.gather.town\/app\/pj50UIjFF2tmEr52\/DIGITALLEADER[\/et_pb_text][\/et_pb_column][et_pb_column type=&#8221;1_2&#8243; _builder_version=&#8221;4.17.3&#8243; _module_preset=&#8221;default&#8221; global_colors_info=&#8221;{}&#8221;][et_pb_text _builder_version=&#8221;4.17.3&#8243; _module_preset=&#8221;default&#8221; global_colors_info=&#8221;{}&#8221;]<\/p>\n<h2>Log in to the metaverse<\/h2>\n<p>A common access option for all metaverse worlds is currently still being worked on.<\/p>\n<p>This means that you have to log into your account individually in each metaverse world.<\/p>\n<p>Since the procedures for the login process can vary greatly depending on the world, we have put together step-by-step instructions for important metaverse worlds.<\/p>\n<p>[\/et_pb_text][et_pb_button button_url=&#8221;@ET-DC@eyJkeW5hbWljIjp0cnVlLCJjb250ZW50IjoicG9zdF9saW5rX3VybF9wYWdlIiwic2V0dGluZ3MiOnsicG9zdF9pZCI6IjU2MCJ9fQ==@&#8221; button_text=&#8221;To the login instructions&#8221; _builder_version=&#8221;4.17.3&#8243; _dynamic_attributes=&#8221;button_url&#8221; _module_preset=&#8221;default&#8221; global_colors_info=&#8221;{}&#8221;][\/et_pb_button][\/et_pb_column][\/et_pb_row][\/et_pb_section][et_pb_section fb_built=&#8221;1&#8243; _builder_version=&#8221;4.17.3&#8243; _module_preset=&#8221;default&#8221; global_module=&#8221;506&#8243; saved_tabs=&#8221;all&#8221; global_colors_info=&#8221;{}&#8221;][et_pb_row column_structure=&#8221;3_5,2_5&#8243; _builder_version=&#8221;4.17.3&#8243; _module_preset=&#8221;default&#8221; global_colors_info=&#8221;{}&#8221;][et_pb_column type=&#8221;3_5&#8243; _builder_version=&#8221;4.17.3&#8243; _module_preset=&#8221;default&#8221; global_colors_info=&#8221;{}&#8221;][et_pb_text _builder_version=&#8221;4.17.3&#8243; _module_preset=&#8221;default&#8221; global_colors_info=&#8221;{}&#8221;]<\/p>\n<h2>Buy real estate in the Metaverse<\/h2>\n<p>Are you interested in buying <a href=\"https:\/\/metaverse-user.com\/en\/metaverse-encyclopedia\/\">property<\/a> in the different Metaverse worlds such as Decentraland?<\/p>\n<p>How to buy real estate in metaverse, what are the advantages of such digital real estate and how to record ownership, you can learn from our specialized partner metaverse-immomakler.com.<\/p>\n<p>[\/et_pb_text][et_pb_button button_url=&#8221;http:\/\/metaverse-immomakler.com\/&#8221; button_text=&#8221;Metaverse Real Estate&#8221; _builder_version=&#8221;4.17.3&#8243; _module_preset=&#8221;default&#8221; global_colors_info=&#8221;{}&#8221;][\/et_pb_button][\/et_pb_column][et_pb_column type=&#8221;2_5&#8243; _builder_version=&#8221;4.17.3&#8243; _module_preset=&#8221;default&#8221; global_colors_info=&#8221;{}&#8221;][dsm_blob_image blob_image=&#8221;https:\/\/metaverse-user.com\/wp-content\/uploads\/Spatial-Immobilien-kaufen.jpg&#8221; _builder_version=&#8221;4.17.3&#8243; _module_preset=&#8221;default&#8221; global_colors_info=&#8221;{}&#8221;][\/dsm_blob_image][et_pb_text _builder_version=&#8221;4.17.3&#8243; _module_preset=&#8221;d986938d-b333-43cb-ac60-a319446d95f6&#8243; global_colors_info=&#8221;{}&#8221;]<\/p>\n<p>Source: https:\/\/spatial.io\/s\/Summer-House-by-M2-Studios-60e8af9f6c51d501c3890b85?share=6154787216889020926<\/p>\n<p>[\/et_pb_text][\/et_pb_column][\/et_pb_row][\/et_pb_section]<\/p>\n","protected":false},"excerpt":{"rendered":"<p>Create Metaverse Accounts Step-by-step instructions Would you like to browse and discover the different metaverse worlds ? With the help of our step-by-step instructions, you will learn how to create an account in the different metaverse worlds.Metaverse worlds at a glance We have summarized important worlds for you:Metaverse categoriesIn den Metaverse-Welten mit dem Fokus &#8220;Arbeiten&#8221; [&hellip;]<\/p>\n","protected":false},"author":1,"featured_media":2469,"parent":0,"menu_order":0,"comment_status":"closed","ping_status":"closed","template":"","meta":{"_et_pb_use_builder":"on","_et_pb_old_content":"","_et_gb_content_width":"","footnotes":""},"class_list":["post-2681","page","type-page","status-publish","has-post-thumbnail","hentry"],"yoast_head":"<!-- This site is optimized with the Yoast SEO plugin v27.1.1 - https:\/\/yoast.com\/product\/yoast-seo-wordpress\/ -->\n<title>How to create your Metaverse account - step-by-step<\/title>\n<meta name=\"description\" content=\"In our step-by-step guides, you will learn how to create an account in different metaverse worlds.\" \/>\n<meta name=\"robots\" content=\"index, follow, max-snippet:-1, max-image-preview:large, max-video-preview:-1\" \/>\n<link rel=\"canonical\" href=\"https:\/\/metaverse-user.com\/en\/create-accounts\/\" \/>\n<meta property=\"og:locale\" content=\"en_US\" \/>\n<meta property=\"og:type\" content=\"article\" \/>\n<meta property=\"og:title\" content=\"How to create your Metaverse account - step-by-step\" \/>\n<meta property=\"og:description\" content=\"In our step-by-step guides, you will learn how to create an account in different metaverse worlds.\" \/>\n<meta property=\"og:url\" content=\"https:\/\/metaverse-user.com\/en\/create-accounts\/\" \/>\n<meta property=\"og:site_name\" content=\"Metaverse User\" \/>\n<meta property=\"article:modified_time\" content=\"2023-07-18T09:12:11+00:00\" \/>\n<meta property=\"og:image\" content=\"https:\/\/metaverse-user.com\/wp-content\/uploads\/metaverse-Account-erstellen.jpg\" \/>\n\t<meta property=\"og:image:width\" content=\"1800\" \/>\n\t<meta property=\"og:image:height\" content=\"1296\" \/>\n\t<meta property=\"og:image:type\" content=\"image\/jpeg\" \/>\n<meta name=\"twitter:card\" content=\"summary_large_image\" \/>\n<meta name=\"twitter:label1\" content=\"Est. reading time\" \/>\n\t<meta name=\"twitter:data1\" content=\"6 minutes\" \/>\n<script type=\"application\/ld+json\" class=\"yoast-schema-graph\">{\"@context\":\"https:\/\/schema.org\",\"@graph\":[{\"@type\":\"WebPage\",\"@id\":\"https:\/\/metaverse-user.com\/en\/create-accounts\/\",\"url\":\"https:\/\/metaverse-user.com\/en\/create-accounts\/\",\"name\":\"How to create your Metaverse account - step-by-step\",\"isPartOf\":{\"@id\":\"https:\/\/metaverse-user.com\/en\/#website\"},\"primaryImageOfPage\":{\"@id\":\"https:\/\/metaverse-user.com\/en\/create-accounts\/#primaryimage\"},\"image\":{\"@id\":\"https:\/\/metaverse-user.com\/en\/create-accounts\/#primaryimage\"},\"thumbnailUrl\":\"https:\/\/metaverse-user.com\/wp-content\/uploads\/metaverse-Account-erstellen.jpg\",\"datePublished\":\"2022-07-08T13:09:36+00:00\",\"dateModified\":\"2023-07-18T09:12:11+00:00\",\"description\":\"In our step-by-step guides, you will learn how to create an account in different metaverse worlds.\",\"breadcrumb\":{\"@id\":\"https:\/\/metaverse-user.com\/en\/create-accounts\/#breadcrumb\"},\"inLanguage\":\"en-US\",\"potentialAction\":[{\"@type\":\"ReadAction\",\"target\":[\"https:\/\/metaverse-user.com\/en\/create-accounts\/\"]}]},{\"@type\":\"ImageObject\",\"inLanguage\":\"en-US\",\"@id\":\"https:\/\/metaverse-user.com\/en\/create-accounts\/#primaryimage\",\"url\":\"https:\/\/metaverse-user.com\/wp-content\/uploads\/metaverse-Account-erstellen.jpg\",\"contentUrl\":\"https:\/\/metaverse-user.com\/wp-content\/uploads\/metaverse-Account-erstellen.jpg\",\"width\":1800,\"height\":1296},{\"@type\":\"BreadcrumbList\",\"@id\":\"https:\/\/metaverse-user.com\/en\/create-accounts\/#breadcrumb\",\"itemListElement\":[{\"@type\":\"ListItem\",\"position\":1,\"name\":\"Startseite\",\"item\":\"https:\/\/metaverse-user.com\/en\/home\/\"},{\"@type\":\"ListItem\",\"position\":2,\"name\":\"Create Accounts\"}]},{\"@type\":\"WebSite\",\"@id\":\"https:\/\/metaverse-user.com\/en\/#website\",\"url\":\"https:\/\/metaverse-user.com\/en\/\",\"name\":\"Metaverse-user.com\",\"description\":\"Alle Infos f\u00fcr User des Metaverse\",\"publisher\":{\"@id\":\"https:\/\/metaverse-user.com\/en\/#organization\"},\"alternateName\":\"Wie Sie in die Metaverse Welten eintauchen\",\"potentialAction\":[{\"@type\":\"SearchAction\",\"target\":{\"@type\":\"EntryPoint\",\"urlTemplate\":\"https:\/\/metaverse-user.com\/en\/?s={search_term_string}\"},\"query-input\":{\"@type\":\"PropertyValueSpecification\",\"valueRequired\":true,\"valueName\":\"search_term_string\"}}],\"inLanguage\":\"en-US\"},{\"@type\":\"Organization\",\"@id\":\"https:\/\/metaverse-user.com\/en\/#organization\",\"name\":\"Metaverse-user.com\",\"alternateName\":\"Wie Sie in die Metaverse Welten eintauchen\",\"url\":\"https:\/\/metaverse-user.com\/en\/\",\"logo\":{\"@type\":\"ImageObject\",\"inLanguage\":\"en-US\",\"@id\":\"https:\/\/metaverse-user.com\/en\/#\/schema\/logo\/image\/\",\"url\":\"https:\/\/metaverse-user.com\/wp-content\/uploads\/Metaverse-Accounts.png\",\"contentUrl\":\"https:\/\/metaverse-user.com\/wp-content\/uploads\/Metaverse-Accounts.png\",\"width\":2000,\"height\":560,\"caption\":\"Metaverse-user.com\"},\"image\":{\"@id\":\"https:\/\/metaverse-user.com\/en\/#\/schema\/logo\/image\/\"}}]}<\/script>\n<!-- \/ Yoast SEO plugin. -->","yoast_head_json":{"title":"How to create your Metaverse account - step-by-step","description":"In our step-by-step guides, you will learn how to create an account in different metaverse worlds.","robots":{"index":"index","follow":"follow","max-snippet":"max-snippet:-1","max-image-preview":"max-image-preview:large","max-video-preview":"max-video-preview:-1"},"canonical":"https:\/\/metaverse-user.com\/en\/create-accounts\/","og_locale":"en_US","og_type":"article","og_title":"How to create your Metaverse account - step-by-step","og_description":"In our step-by-step guides, you will learn how to create an account in different metaverse worlds.","og_url":"https:\/\/metaverse-user.com\/en\/create-accounts\/","og_site_name":"Metaverse User","article_modified_time":"2023-07-18T09:12:11+00:00","og_image":[{"width":1800,"height":1296,"url":"https:\/\/metaverse-user.com\/wp-content\/uploads\/metaverse-Account-erstellen.jpg","type":"image\/jpeg"}],"twitter_card":"summary_large_image","twitter_misc":{"Est. reading time":"6 minutes"},"schema":{"@context":"https:\/\/schema.org","@graph":[{"@type":"WebPage","@id":"https:\/\/metaverse-user.com\/en\/create-accounts\/","url":"https:\/\/metaverse-user.com\/en\/create-accounts\/","name":"How to create your Metaverse account - step-by-step","isPartOf":{"@id":"https:\/\/metaverse-user.com\/en\/#website"},"primaryImageOfPage":{"@id":"https:\/\/metaverse-user.com\/en\/create-accounts\/#primaryimage"},"image":{"@id":"https:\/\/metaverse-user.com\/en\/create-accounts\/#primaryimage"},"thumbnailUrl":"https:\/\/metaverse-user.com\/wp-content\/uploads\/metaverse-Account-erstellen.jpg","datePublished":"2022-07-08T13:09:36+00:00","dateModified":"2023-07-18T09:12:11+00:00","description":"In our step-by-step guides, you will learn how to create an account in different metaverse worlds.","breadcrumb":{"@id":"https:\/\/metaverse-user.com\/en\/create-accounts\/#breadcrumb"},"inLanguage":"en-US","potentialAction":[{"@type":"ReadAction","target":["https:\/\/metaverse-user.com\/en\/create-accounts\/"]}]},{"@type":"ImageObject","inLanguage":"en-US","@id":"https:\/\/metaverse-user.com\/en\/create-accounts\/#primaryimage","url":"https:\/\/metaverse-user.com\/wp-content\/uploads\/metaverse-Account-erstellen.jpg","contentUrl":"https:\/\/metaverse-user.com\/wp-content\/uploads\/metaverse-Account-erstellen.jpg","width":1800,"height":1296},{"@type":"BreadcrumbList","@id":"https:\/\/metaverse-user.com\/en\/create-accounts\/#breadcrumb","itemListElement":[{"@type":"ListItem","position":1,"name":"Startseite","item":"https:\/\/metaverse-user.com\/en\/home\/"},{"@type":"ListItem","position":2,"name":"Create Accounts"}]},{"@type":"WebSite","@id":"https:\/\/metaverse-user.com\/en\/#website","url":"https:\/\/metaverse-user.com\/en\/","name":"Metaverse-user.com","description":"Alle Infos f\u00fcr User des Metaverse","publisher":{"@id":"https:\/\/metaverse-user.com\/en\/#organization"},"alternateName":"Wie Sie in die Metaverse Welten eintauchen","potentialAction":[{"@type":"SearchAction","target":{"@type":"EntryPoint","urlTemplate":"https:\/\/metaverse-user.com\/en\/?s={search_term_string}"},"query-input":{"@type":"PropertyValueSpecification","valueRequired":true,"valueName":"search_term_string"}}],"inLanguage":"en-US"},{"@type":"Organization","@id":"https:\/\/metaverse-user.com\/en\/#organization","name":"Metaverse-user.com","alternateName":"Wie Sie in die Metaverse Welten eintauchen","url":"https:\/\/metaverse-user.com\/en\/","logo":{"@type":"ImageObject","inLanguage":"en-US","@id":"https:\/\/metaverse-user.com\/en\/#\/schema\/logo\/image\/","url":"https:\/\/metaverse-user.com\/wp-content\/uploads\/Metaverse-Accounts.png","contentUrl":"https:\/\/metaverse-user.com\/wp-content\/uploads\/Metaverse-Accounts.png","width":2000,"height":560,"caption":"Metaverse-user.com"},"image":{"@id":"https:\/\/metaverse-user.com\/en\/#\/schema\/logo\/image\/"}}]}},"_links":{"self":[{"href":"https:\/\/metaverse-user.com\/en\/wp-json\/wp\/v2\/pages\/2681","targetHints":{"allow":["GET"]}}],"collection":[{"href":"https:\/\/metaverse-user.com\/en\/wp-json\/wp\/v2\/pages"}],"about":[{"href":"https:\/\/metaverse-user.com\/en\/wp-json\/wp\/v2\/types\/page"}],"author":[{"embeddable":true,"href":"https:\/\/metaverse-user.com\/en\/wp-json\/wp\/v2\/users\/1"}],"replies":[{"embeddable":true,"href":"https:\/\/metaverse-user.com\/en\/wp-json\/wp\/v2\/comments?post=2681"}],"version-history":[{"count":0,"href":"https:\/\/metaverse-user.com\/en\/wp-json\/wp\/v2\/pages\/2681\/revisions"}],"wp:featuredmedia":[{"embeddable":true,"href":"https:\/\/metaverse-user.com\/en\/wp-json\/wp\/v2\/media\/2469"}],"wp:attachment":[{"href":"https:\/\/metaverse-user.com\/en\/wp-json\/wp\/v2\/media?parent=2681"}],"curies":[{"name":"wp","href":"https:\/\/api.w.org\/{rel}","templated":true}]}}