{"id":2673,"date":"2022-10-27T09:09:32","date_gmt":"2022-10-27T09:09:32","guid":{"rendered":"https:\/\/metaverse-user.com\/ar-glasses\/"},"modified":"2023-07-18T09:12:10","modified_gmt":"2023-07-18T09:12:10","slug":"ar-glasses","status":"publish","type":"page","link":"https:\/\/metaverse-user.com\/en\/ar-glasses\/","title":{"rendered":"AR glasses"},"content":{"rendered":"<p>[et_pb_section fb_built=&#8221;1&#8243; _builder_version=&#8221;4.18.0&#8243; _module_preset=&#8221;22ca1b66-79cc-4413-a1b5-9b3d178af93e&#8221; global_colors_info=&#8221;{}&#8221;][et_pb_row column_structure=&#8221;3_5,2_5&#8243; _builder_version=&#8221;4.19.2&#8243; _module_preset=&#8221;default&#8221; global_colors_info=&#8221;{}&#8221;][et_pb_column type=&#8221;3_5&#8243; _builder_version=&#8221;4.18.0&#8243; _module_preset=&#8221;default&#8221; global_colors_info=&#8221;{}&#8221;][et_pb_text _builder_version=&#8221;4.19.2&#8243; _module_preset=&#8221;default&#8221; global_colors_info=&#8221;{}&#8221;]<\/p>\n<h1>AR glasses<\/h1>\n<h6>Here&#8217;s what you need to know<\/h6>\n<p>AR glasses add digital information to the real world and are often used in a wide variety of areas.<\/p>\n<p><strong>Find out exactly what AR glasses are and check out top deals on AR glasses.<\/strong><\/p>\n<p>[\/et_pb_text][\/et_pb_column][et_pb_column type=&#8221;2_5&#8243; _builder_version=&#8221;4.19.2&#8243; _module_preset=&#8221;default&#8221; global_colors_info=&#8221;{}&#8221;][dsm_icon_list _builder_version=&#8221;4.19.2&#8243; _module_preset=&#8221;9697be0b-4235-417b-9da9-28b40234e59c&#8221; global_colors_info=&#8221;{}&#8221;][dsm_icon_list_child text=&#8221;1. What are AR glasses?&#8221; font_icon=&#8221;&#x45;||divi||400&#8243; url=&#8221;#1&#8243; _builder_version=&#8221;4.19.2&#8243; _module_preset=&#8221;203fe1b7-6d3e-4d4f-8056-e286d5def9a2&#8243; global_colors_info=&#8221;{}&#8221;][\/dsm_icon_list_child][dsm_icon_list_child text=&#8221;2. What AR glasses are available?&#8221; font_icon=&#8221;&#x45;||divi||400&#8243; url=&#8221;#2&#8243; _builder_version=&#8221;4.19.2&#8243; _module_preset=&#8221;203fe1b7-6d3e-4d4f-8056-e286d5def9a2&#8243; global_colors_info=&#8221;{}&#8221;][\/dsm_icon_list_child][\/dsm_icon_list][\/et_pb_column][\/et_pb_row][\/et_pb_section][et_pb_section fb_built=&#8221;1&#8243; module_id=&#8221;1&#8243; _builder_version=&#8221;4.19.2&#8243; _module_preset=&#8221;bb39e286-7b0a-44d7-ae20-39a35827829d&#8221; global_colors_info=&#8221;{}&#8221;][et_pb_row _builder_version=&#8221;4.19.2&#8243; _module_preset=&#8221;default&#8221; global_colors_info=&#8221;{}&#8221;][et_pb_column type=&#8221;4_4&#8243; _builder_version=&#8221;4.19.2&#8243; _module_preset=&#8221;default&#8221; global_colors_info=&#8221;{}&#8221;][et_pb_text _builder_version=&#8221;4.19.2&#8243; _module_preset=&#8221;aaafbbdc-b06c-4d2f-9bea-90819b375c73&#8243; global_colors_info=&#8221;{}&#8221;]<\/p>\n<h2>What are AR glasses?<\/h2>\n<p>[\/et_pb_text][\/et_pb_column][\/et_pb_row][et_pb_row column_structure=&#8221;1_2,1_4,1_4&#8243; _builder_version=&#8221;4.19.2&#8243; _module_preset=&#8221;default&#8221; global_colors_info=&#8221;{}&#8221;][et_pb_column type=&#8221;1_2&#8243; _builder_version=&#8221;4.19.2&#8243; _module_preset=&#8221;fffd0884-6a5a-486c-9d4f-909f0e0bd8f5&#8243; global_colors_info=&#8221;{}&#8221;][et_pb_blurb title=&#8221;AR glasses&#8221; image=&#8221;https:\/\/metaverse-user.com\/wp-content\/uploads\/AR-Brille-Aufbau.jpg&#8221; alt=&#8221;AR Glasses Construction&#8221; _builder_version=&#8221;4.19.2&#8243; _module_preset=&#8221;6d26542f-a87c-4f9e-a397-f4db9dd6c9d5&#8243; saved_tabs=&#8221;all&#8221; global_colors_info=&#8221;{}&#8221;]<\/p>\n<p>AR stands for &#8220;Augmented Reality<strong>&#8220;.<\/strong> Through AR glasses, our reality is<strong> augmented with digital information.<\/strong><\/p>\n<p>In the case of AR glasses, a basic distinction is made between <strong>2D and 3D capability<\/strong> . 2D AR glasses only cover one eye, while 3D AR glasses allow both eyes to see the digital information.<\/p>\n<p>AR glasses are <strong>used in many industries<\/strong>: in logistics as well as in industry, in trade, in the construction and real estate sectors, in marketing and in some cases even in agriculture. In most cases, the glasses are used in the development and production of a company.<\/p>\n<p>[\/et_pb_blurb][et_pb_button button_url=&#8221;#2&#8243; button_text=&#8221;AR glasses&#8221; _builder_version=&#8221;4.19.2&#8243; _module_preset=&#8221;c70b9a55-0bbe-4bdf-944b-d191922dc260&#8243; global_colors_info=&#8221;{}&#8221;][\/et_pb_button][\/et_pb_column][et_pb_column type=&#8221;1_4&#8243; _builder_version=&#8221;4.19.2&#8243; _module_preset=&#8221;default&#8221; global_colors_info=&#8221;{}&#8221;][et_pb_blurb title=&#8221;VR goggle construction&#8221; image=&#8221;https:\/\/metaverse-user.com\/wp-content\/uploads\/VR-Brille-Aufbau.jpg&#8221; alt=&#8221;VR goggle construction&#8221; _builder_version=&#8221;4.18.0&#8243; _module_preset=&#8221;6d26542f-a87c-4f9e-a397-f4db9dd6c9d5&#8243; global_module=&#8221;1843&#8243; global_colors_info=&#8221;{}&#8221;]<\/p>\n<p>In einer VR-Brille befinden sich zwei Linsen bzw. &#8220;Bildschirme&#8221; f\u00fcr die Augen. In den Linsen wird die Metaverse Welt wiedergegeben. Aus beiden Linsen formt sich f\u00fcr den VR-Brillen Tr\u00e4ger eine reale Umgebung.<\/p>\n<p>\u00dcber VR-Brillen Zubeh\u00f6r (Steuerungen, Kopfh\u00f6rer&#8230;) wird die virtuelle Realit\u00e4t noch greifbarer.<\/p>\n<p>[\/et_pb_blurb][et_pb_button button_url=&#8221;@ET-DC@eyJkeW5hbWljIjp0cnVlLCJjb250ZW50IjoicG9zdF9saW5rX3VybF9wYWdlIiwic2V0dGluZ3MiOnsicG9zdF9pZCI6IjE4ODMifX0=@&#8221; button_text=&#8221;VR goggles&#8221; _builder_version=&#8221;4.19.2&#8243; _dynamic_attributes=&#8221;button_url&#8221; _module_preset=&#8221;c70b9a55-0bbe-4bdf-944b-d191922dc260&#8243; global_colors_info=&#8221;{}&#8221;][\/et_pb_button][\/et_pb_column][et_pb_column type=&#8221;1_4&#8243; _builder_version=&#8221;4.19.2&#8243; _module_preset=&#8221;default&#8221; global_colors_info=&#8221;{}&#8221;][et_pb_blurb title=&#8221;Mixed-Reality Headset&#8221; image=&#8221;https:\/\/metaverse-user.com\/wp-content\/uploads\/Mixed-Reality-Brille-Aufbau.jpg&#8221; alt=&#8221;Mixed Reality Glasses Construction&#8221; _builder_version=&#8221;4.18.1&#8243; _module_preset=&#8221;6d26542f-a87c-4f9e-a397-f4db9dd6c9d5&#8243; global_module=&#8221;1844&#8243; saved_tabs=&#8221;all&#8221; global_colors_info=&#8221;{}&#8221;]<\/p>\n<p>In einer Mixed-Reality-Brillen befinden sich zwei Linsen bzw. &#8220;Bildschirme&#8221; f\u00fcr die Augen. Zus\u00e4tzlich wird \u00fcber integrierte Kameras die reale Umgebung erfasst.<\/p>\n<p>Die Brillen sind sowohl VR-f\u00e4hig als auch AR-f\u00e4hig. Sie k\u00f6nnen diese also entweder als <a href=\"https:\/\/metaverse-user.com\/en\/metaverse-encyclopedia\/#vr\" target=\"_blank\" rel=\"noopener\">VR-Brille<\/a> oder als <a href=\"https:\/\/metaverse-user.com\/en\/metaverse-encyclopedia\/#ar\" target=\"_blank\" rel=\"noopener\">AR-Brille<\/a> nutzen. Es k\u00f6nnen in der Regel aber auch beide Technologien verbunden werden, um digitale Welt und reale Welt zu verbinden.<\/p>\n<p>Wie kann die Verbindung von VR und AR aussehen?<br \/>Beispiel: Sie befinden sich im Home-Office konstruieren zusammen mit einem Arbeitskollegen an einem neuen Produkt. Dank der Mixed-Reality-Brille wird Ihnen der Arbeitskollege aber auch das Produkt digital eingeblendet und sie gestallten <a href=\"https:\/\/www.youtube.com\/watch?v=Jd2GK0qDtRg\" target=\"_blank\" rel=\"noopener\">interaktiv gemeinsam das Produkt<\/a>.<\/p>\n<p>[\/et_pb_blurb][et_pb_button button_url=&#8221;@ET-DC@eyJkeW5hbWljIjp0cnVlLCJjb250ZW50IjoicG9zdF9saW5rX3VybF9wYWdlIiwic2V0dGluZ3MiOnsicG9zdF9pZCI6IjE4MTgifX0=@&#8221; button_text=&#8221;Mixed Reality Glasses&#8221; _builder_version=&#8221;4.19.2&#8243; _dynamic_attributes=&#8221;button_url&#8221; _module_preset=&#8221;c70b9a55-0bbe-4bdf-944b-d191922dc260&#8243; global_colors_info=&#8221;{}&#8221;][\/et_pb_button][\/et_pb_column][\/et_pb_row][\/et_pb_section][et_pb_section fb_built=&#8221;1&#8243; module_id=&#8221;2&#8243; _builder_version=&#8221;4.19.2&#8243; _module_preset=&#8221;default&#8221; global_colors_info=&#8221;{}&#8221;][et_pb_row _builder_version=&#8221;4.19.2&#8243; _module_preset=&#8221;default&#8221; global_colors_info=&#8221;{}&#8221;][et_pb_column type=&#8221;4_4&#8243; _builder_version=&#8221;4.19.2&#8243; _module_preset=&#8221;default&#8221; global_colors_info=&#8221;{}&#8221;][et_pb_text _builder_version=&#8221;4.19.2&#8243; _module_preset=&#8221;default&#8221; global_colors_info=&#8221;{}&#8221;]<\/p>\n<h2>Offers for AR glasses<\/h2>\n<p>[\/et_pb_text][\/et_pb_column][\/et_pb_row][et_pb_row column_structure=&#8221;1_3,1_3,1_3&#8243; _builder_version=&#8221;4.19.2&#8243; _module_preset=&#8221;default&#8221; global_colors_info=&#8221;{}&#8221;][et_pb_column type=&#8221;1_3&#8243; _builder_version=&#8221;4.19.2&#8243; _module_preset=&#8221;default&#8221; global_colors_info=&#8221;{}&#8221;][dsm_card title=&#8221;Epson Moverio BT-40&#8243; image=&#8221;https:\/\/metaverse-user.com\/wp-content\/uploads\/Epson-Moverio-BT-40-AR-Brille.jpg&#8221; image_as_background=&#8221;off&#8221; badge_text=&#8221;starting from 608,00 \u20ac&#8221; alt=&#8221;Epson Moverio BT-40 AR Glasses&#8221; button_text=&#8221;View AR glasses*&#8221; button_url=&#8221;https:\/\/www.amazon.de\/Epson-Moverio-BT-40-Augmented-Reality-Brille-Si-OLED-Technologie\/dp\/B08RJXQRSH\/ref=sr_1_2?keywords=augmented%252Breality%252Bbrille&amp;qid=1675343644&amp;sprefix=augment%252Caps%252C107&amp;sr=8-2&amp;th=1&amp;_encoding=UTF8&amp;tag=sonder11angeb-21&amp;linkCode=ur2&amp;linkId=8f49edacc6def253ea15f1837ef3a7af&amp;camp=1638&amp;creative=6742&#8243; button_url_new_window=&#8221;on&#8221; _builder_version=&#8221;4.19.2&#8243; _module_preset=&#8221;default&#8221; global_colors_info=&#8221;{}&#8221;]<\/p>\n<p><strong>Data on the Epson Moverio BT-40:<\/strong><\/p>\n<ul>\n<li>USB-C connection to smartphones, tablets and computers possible<\/li>\n<li>Full HD 1080p display<\/li>\n<li>Ergonomic headset design<\/li>\n<\/ul>\n<p>[\/dsm_card][\/et_pb_column][et_pb_column type=&#8221;1_3&#8243; _builder_version=&#8221;4.19.2&#8243; _module_preset=&#8221;default&#8221; global_colors_info=&#8221;{}&#8221;][dsm_card title=&#8221;Epson Moverio BT-300&#8243; image=&#8221;https:\/\/metaverse-user.com\/wp-content\/uploads\/Epson-Moverio-BT-300-AR-brille.jpg&#8221; image_as_background=&#8221;off&#8221; badge_text=&#8221;starting from 699,00 \u20ac&#8221; alt=&#8221;Epson Moverio BT-300 AR glasses&#8221; button_text=&#8221;View AR glasses*&#8221; button_url=&#8221;https:\/\/www.amazon.de\/Epson-halbtransparente-Multimedia-Brille-Smart-Brille-OLED-Display-Silber-Schwarz\/dp\/B01NAACV41\/ref=sr_1_16?keywords=augmented+reality+brille&amp;qid=1675343644&amp;sprefix=augment%252Caps%252C107&amp;sr=8-16&amp;_encoding=UTF8&amp;tag=sonder11angeb-21&amp;linkCode=ur2&amp;linkId=ece064881e4d061ca2b4478594191410&amp;camp=1638&amp;creative=6742&#8243; button_url_new_window=&#8221;on&#8221; _builder_version=&#8221;4.19.2&#8243; _module_preset=&#8221;default&#8221; global_colors_info=&#8221;{}&#8221;]<\/p>\n<p><strong>Data on the <span id=\"productTitle\" class=\"a-size-large product-title-word-break\">Epson Moverio BT-300:<\/span><\/strong><strong><span class=\"a-size-large product-title-word-break\"><\/span><\/strong><\/p>\n<ul>\n<li><span class=\"a-size-large product-title-word-break\">Wireless connectivity<\/span><\/li>\n<li><span class=\"a-size-large product-title-word-break\">HD display 720p<\/span><\/li>\n<li><span class=\"a-size-large product-title-word-break\">Front camera with 5Mp for pictures and videos<\/span><\/li>\n<li><span class=\"a-size-large product-title-word-break\">Android OS operating system<\/span><\/li>\n<\/ul>\n<p>[\/dsm_card][\/et_pb_column][et_pb_column type=&#8221;1_3&#8243; _builder_version=&#8221;4.19.2&#8243; _module_preset=&#8221;default&#8221; global_colors_info=&#8221;{}&#8221;][dsm_card title=&#8221;Vufine VUF-110&#8243; image=&#8221;https:\/\/metaverse-user.com\/wp-content\/uploads\/Vufine-VUF-110-AR-brille.jpg&#8221; image_as_background=&#8221;off&#8221; badge_text=&#8221;starting from 220,00 \u20ac&#8221; alt=&#8221;Vufine VUF-110 AR glasses&#8221; button_text=&#8221;View AR glasses*&#8221; button_url=&#8221;https:\/\/www.amazon.de\/Vufine-006011-Wearable-Display\/dp\/B01MZ89QXF\/ref=sr_1_1?__mk_de_DE=%25C3%2585M%25C3%2585%25C5%25BD%25C3%2595%25C3%2591&amp;keywords=Vuzix%252BM100&amp;qid=1675347851&amp;sr=8-1&amp;th=1&amp;_encoding=UTF8&amp;tag=sonder11angeb-21&amp;linkCode=ur2&amp;linkId=a48f7b55e5f759ec2449b5d674d0813d&amp;camp=1638&amp;creative=6742&#8243; button_url_new_window=&#8221;on&#8221; _builder_version=&#8221;4.19.2&#8243; _module_preset=&#8221;default&#8221; global_colors_info=&#8221;{}&#8221;]<\/p>\n<p><strong>Data on the Vufine VUF-110:<\/strong><\/p>\n<ul>\n<li>HD display 720p<\/li>\n<li>Battery life of 90 minutes<\/li>\n<li>Connection via HDMI cable<\/li>\n<\/ul>\n<p>[\/dsm_card][\/et_pb_column][\/et_pb_row][\/et_pb_section]<\/p>\n","protected":false},"excerpt":{"rendered":"<p>AR glasses Here&#8217;s what you need to know AR glasses add digital information to the real world and are often used in a wide variety of areas. Find out exactly what AR glasses are and check out top deals on AR glasses.<div class=\"et_pb_with_border et_pb_module dsm_icon_list dsm_icon_list_0\">\n\t\t\t\t\n\t\t\t\t\n\t\t\t\t\n\t\t\t\t\n\t\t\t\t\n\t\t\t\t\n\t\t\t\t<div class=\"et_pb_module_inner\">\n\t\t\t\t\t<ul class=\"dsm_icon_list_items dsm_icon_list_ltr_direction dsm_icon_list_layout_vertical\"><\/ul>\n\t\t\t\t<\/div>\n\t\t\t<\/div><li class=\"dsm_icon_list_child dsm_icon_list_child_0\">\n\t\t\t\t\n\t\t\t\t\n\t\t\t\t\n\t\t\t\t\n\t\t\t\t<a href=\"#1\"><span class=\"dsm_icon_list_wrapper\"><span class=\"dsm_icon_list_icon\">E<\/span><\/span><span class=\"dsm_icon_list_text\">1. What are AR glasses?<\/span><\/a>\n\t\t\t<\/li><li class=\"dsm_icon_list_child dsm_icon_list_child_1\">\n\t\t\t\t\n\t\t\t\t\n\t\t\t\t\n\t\t\t\t\n\t\t\t\t<span class=\"dsm_icon_list_wrapper\"><span class=\"dsm_icon_list_icon\">P<\/span><\/span><span class=\"dsm_icon_list_text\">Icon List Item<\/span>\n\t\t\t<\/li><\/p>\n","protected":false},"author":1,"featured_media":2613,"parent":0,"menu_order":0,"comment_status":"closed","ping_status":"closed","template":"","meta":{"_et_pb_use_builder":"on","_et_pb_old_content":"","_et_gb_content_width":"","footnotes":""},"class_list":["post-2673","page","type-page","status-publish","has-post-thumbnail","hentry"],"yoast_head":"<!-- This site is optimized with the Yoast SEO plugin v27.1.1 - https:\/\/yoast.com\/product\/yoast-seo-wordpress\/ -->\n<title>Check out AR glasses now - Top deals on your AR glasses<\/title>\n<meta name=\"description\" content=\"Are you looking for suitable augmented reality glasses? Then take a look at our AR glasses comparison now.\" \/>\n<meta name=\"robots\" content=\"index, follow, max-snippet:-1, max-image-preview:large, max-video-preview:-1\" \/>\n<link rel=\"canonical\" href=\"https:\/\/metaverse-user.com\/en\/ar-glasses\/\" \/>\n<meta property=\"og:locale\" content=\"en_US\" \/>\n<meta property=\"og:type\" content=\"article\" \/>\n<meta property=\"og:title\" content=\"Check out AR glasses now - Top deals on your AR glasses\" \/>\n<meta property=\"og:description\" content=\"Are you looking for suitable augmented reality glasses? Then take a look at our AR glasses comparison now.\" \/>\n<meta property=\"og:url\" content=\"https:\/\/metaverse-user.com\/en\/ar-glasses\/\" \/>\n<meta property=\"og:site_name\" content=\"Metaverse User\" \/>\n<meta property=\"article:modified_time\" content=\"2023-07-18T09:12:10+00:00\" \/>\n<meta property=\"og:image\" content=\"https:\/\/metaverse-user.com\/wp-content\/uploads\/AR-Brille-kaufen.jpg\" \/>\n\t<meta property=\"og:image:width\" content=\"1200\" \/>\n\t<meta property=\"og:image:height\" content=\"675\" \/>\n\t<meta property=\"og:image:type\" content=\"image\/jpeg\" \/>\n<meta name=\"twitter:card\" content=\"summary_large_image\" \/>\n<meta name=\"twitter:label1\" content=\"Est. reading time\" \/>\n\t<meta name=\"twitter:data1\" content=\"7 minutes\" \/>\n<script type=\"application\/ld+json\" class=\"yoast-schema-graph\">{\"@context\":\"https:\/\/schema.org\",\"@graph\":[{\"@type\":\"WebPage\",\"@id\":\"https:\/\/metaverse-user.com\/en\/ar-glasses\/\",\"url\":\"https:\/\/metaverse-user.com\/en\/ar-glasses\/\",\"name\":\"Check out AR glasses now - Top deals on your AR glasses\",\"isPartOf\":{\"@id\":\"https:\/\/metaverse-user.com\/en\/#website\"},\"primaryImageOfPage\":{\"@id\":\"https:\/\/metaverse-user.com\/en\/ar-glasses\/#primaryimage\"},\"image\":{\"@id\":\"https:\/\/metaverse-user.com\/en\/ar-glasses\/#primaryimage\"},\"thumbnailUrl\":\"https:\/\/metaverse-user.com\/wp-content\/uploads\/AR-Brille-kaufen.jpg\",\"datePublished\":\"2022-10-27T09:09:32+00:00\",\"dateModified\":\"2023-07-18T09:12:10+00:00\",\"description\":\"Are you looking for suitable augmented reality glasses? Then take a look at our AR glasses comparison now.\",\"breadcrumb\":{\"@id\":\"https:\/\/metaverse-user.com\/en\/ar-glasses\/#breadcrumb\"},\"inLanguage\":\"en-US\",\"potentialAction\":[{\"@type\":\"ReadAction\",\"target\":[\"https:\/\/metaverse-user.com\/en\/ar-glasses\/\"]}]},{\"@type\":\"ImageObject\",\"inLanguage\":\"en-US\",\"@id\":\"https:\/\/metaverse-user.com\/en\/ar-glasses\/#primaryimage\",\"url\":\"https:\/\/metaverse-user.com\/wp-content\/uploads\/AR-Brille-kaufen.jpg\",\"contentUrl\":\"https:\/\/metaverse-user.com\/wp-content\/uploads\/AR-Brille-kaufen.jpg\",\"width\":1200,\"height\":675},{\"@type\":\"BreadcrumbList\",\"@id\":\"https:\/\/metaverse-user.com\/en\/ar-glasses\/#breadcrumb\",\"itemListElement\":[{\"@type\":\"ListItem\",\"position\":1,\"name\":\"Startseite\",\"item\":\"https:\/\/metaverse-user.com\/en\/home\/\"},{\"@type\":\"ListItem\",\"position\":2,\"name\":\"AR glasses\"}]},{\"@type\":\"WebSite\",\"@id\":\"https:\/\/metaverse-user.com\/en\/#website\",\"url\":\"https:\/\/metaverse-user.com\/en\/\",\"name\":\"Metaverse-user.com\",\"description\":\"Alle Infos f\u00fcr User des Metaverse\",\"publisher\":{\"@id\":\"https:\/\/metaverse-user.com\/en\/#organization\"},\"alternateName\":\"Wie Sie in die Metaverse Welten eintauchen\",\"potentialAction\":[{\"@type\":\"SearchAction\",\"target\":{\"@type\":\"EntryPoint\",\"urlTemplate\":\"https:\/\/metaverse-user.com\/en\/?s={search_term_string}\"},\"query-input\":{\"@type\":\"PropertyValueSpecification\",\"valueRequired\":true,\"valueName\":\"search_term_string\"}}],\"inLanguage\":\"en-US\"},{\"@type\":\"Organization\",\"@id\":\"https:\/\/metaverse-user.com\/en\/#organization\",\"name\":\"Metaverse-user.com\",\"alternateName\":\"Wie Sie in die Metaverse Welten eintauchen\",\"url\":\"https:\/\/metaverse-user.com\/en\/\",\"logo\":{\"@type\":\"ImageObject\",\"inLanguage\":\"en-US\",\"@id\":\"https:\/\/metaverse-user.com\/en\/#\/schema\/logo\/image\/\",\"url\":\"https:\/\/metaverse-user.com\/wp-content\/uploads\/Metaverse-Accounts.png\",\"contentUrl\":\"https:\/\/metaverse-user.com\/wp-content\/uploads\/Metaverse-Accounts.png\",\"width\":2000,\"height\":560,\"caption\":\"Metaverse-user.com\"},\"image\":{\"@id\":\"https:\/\/metaverse-user.com\/en\/#\/schema\/logo\/image\/\"}}]}<\/script>\n<!-- \/ Yoast SEO plugin. -->","yoast_head_json":{"title":"Check out AR glasses now - Top deals on your AR glasses","description":"Are you looking for suitable augmented reality glasses? Then take a look at our AR glasses comparison now.","robots":{"index":"index","follow":"follow","max-snippet":"max-snippet:-1","max-image-preview":"max-image-preview:large","max-video-preview":"max-video-preview:-1"},"canonical":"https:\/\/metaverse-user.com\/en\/ar-glasses\/","og_locale":"en_US","og_type":"article","og_title":"Check out AR glasses now - Top deals on your AR glasses","og_description":"Are you looking for suitable augmented reality glasses? Then take a look at our AR glasses comparison now.","og_url":"https:\/\/metaverse-user.com\/en\/ar-glasses\/","og_site_name":"Metaverse User","article_modified_time":"2023-07-18T09:12:10+00:00","og_image":[{"width":1200,"height":675,"url":"https:\/\/metaverse-user.com\/wp-content\/uploads\/AR-Brille-kaufen.jpg","type":"image\/jpeg"}],"twitter_card":"summary_large_image","twitter_misc":{"Est. reading time":"7 minutes"},"schema":{"@context":"https:\/\/schema.org","@graph":[{"@type":"WebPage","@id":"https:\/\/metaverse-user.com\/en\/ar-glasses\/","url":"https:\/\/metaverse-user.com\/en\/ar-glasses\/","name":"Check out AR glasses now - Top deals on your AR glasses","isPartOf":{"@id":"https:\/\/metaverse-user.com\/en\/#website"},"primaryImageOfPage":{"@id":"https:\/\/metaverse-user.com\/en\/ar-glasses\/#primaryimage"},"image":{"@id":"https:\/\/metaverse-user.com\/en\/ar-glasses\/#primaryimage"},"thumbnailUrl":"https:\/\/metaverse-user.com\/wp-content\/uploads\/AR-Brille-kaufen.jpg","datePublished":"2022-10-27T09:09:32+00:00","dateModified":"2023-07-18T09:12:10+00:00","description":"Are you looking for suitable augmented reality glasses? Then take a look at our AR glasses comparison now.","breadcrumb":{"@id":"https:\/\/metaverse-user.com\/en\/ar-glasses\/#breadcrumb"},"inLanguage":"en-US","potentialAction":[{"@type":"ReadAction","target":["https:\/\/metaverse-user.com\/en\/ar-glasses\/"]}]},{"@type":"ImageObject","inLanguage":"en-US","@id":"https:\/\/metaverse-user.com\/en\/ar-glasses\/#primaryimage","url":"https:\/\/metaverse-user.com\/wp-content\/uploads\/AR-Brille-kaufen.jpg","contentUrl":"https:\/\/metaverse-user.com\/wp-content\/uploads\/AR-Brille-kaufen.jpg","width":1200,"height":675},{"@type":"BreadcrumbList","@id":"https:\/\/metaverse-user.com\/en\/ar-glasses\/#breadcrumb","itemListElement":[{"@type":"ListItem","position":1,"name":"Startseite","item":"https:\/\/metaverse-user.com\/en\/home\/"},{"@type":"ListItem","position":2,"name":"AR glasses"}]},{"@type":"WebSite","@id":"https:\/\/metaverse-user.com\/en\/#website","url":"https:\/\/metaverse-user.com\/en\/","name":"Metaverse-user.com","description":"Alle Infos f\u00fcr User des Metaverse","publisher":{"@id":"https:\/\/metaverse-user.com\/en\/#organization"},"alternateName":"Wie Sie in die Metaverse Welten eintauchen","potentialAction":[{"@type":"SearchAction","target":{"@type":"EntryPoint","urlTemplate":"https:\/\/metaverse-user.com\/en\/?s={search_term_string}"},"query-input":{"@type":"PropertyValueSpecification","valueRequired":true,"valueName":"search_term_string"}}],"inLanguage":"en-US"},{"@type":"Organization","@id":"https:\/\/metaverse-user.com\/en\/#organization","name":"Metaverse-user.com","alternateName":"Wie Sie in die Metaverse Welten eintauchen","url":"https:\/\/metaverse-user.com\/en\/","logo":{"@type":"ImageObject","inLanguage":"en-US","@id":"https:\/\/metaverse-user.com\/en\/#\/schema\/logo\/image\/","url":"https:\/\/metaverse-user.com\/wp-content\/uploads\/Metaverse-Accounts.png","contentUrl":"https:\/\/metaverse-user.com\/wp-content\/uploads\/Metaverse-Accounts.png","width":2000,"height":560,"caption":"Metaverse-user.com"},"image":{"@id":"https:\/\/metaverse-user.com\/en\/#\/schema\/logo\/image\/"}}]}},"_links":{"self":[{"href":"https:\/\/metaverse-user.com\/en\/wp-json\/wp\/v2\/pages\/2673","targetHints":{"allow":["GET"]}}],"collection":[{"href":"https:\/\/metaverse-user.com\/en\/wp-json\/wp\/v2\/pages"}],"about":[{"href":"https:\/\/metaverse-user.com\/en\/wp-json\/wp\/v2\/types\/page"}],"author":[{"embeddable":true,"href":"https:\/\/metaverse-user.com\/en\/wp-json\/wp\/v2\/users\/1"}],"replies":[{"embeddable":true,"href":"https:\/\/metaverse-user.com\/en\/wp-json\/wp\/v2\/comments?post=2673"}],"version-history":[{"count":0,"href":"https:\/\/metaverse-user.com\/en\/wp-json\/wp\/v2\/pages\/2673\/revisions"}],"wp:featuredmedia":[{"embeddable":true,"href":"https:\/\/metaverse-user.com\/en\/wp-json\/wp\/v2\/media\/2613"}],"wp:attachment":[{"href":"https:\/\/metaverse-user.com\/en\/wp-json\/wp\/v2\/media?parent=2673"}],"curies":[{"name":"wp","href":"https:\/\/api.w.org\/{rel}","templated":true}]}}